{"id":1192,"date":"2020-08-26T13:05:40","date_gmt":"2020-08-26T13:05:40","guid":{"rendered":"https:\/\/pskoiltech.com\/?page_id=1192"},"modified":"2024-02-01T16:11:23","modified_gmt":"2024-02-01T16:11:23","slug":"productos-copy-copy-2-copy-2-copy-copy-2","status":"publish","type":"page","link":"https:\/\/pskoiltech.com\/?page_id=1192","title":{"rendered":"SERVICIOS"},"content":{"rendered":"<div id=\"pl-1192\"  class=\"panel-layout\" ><div id=\"pg-1192-0\"  class=\"panel-grid panel-no-style\" ><div id=\"pgc-1192-0-0\"  class=\"panel-grid-cell\" ><div id=\"panel-1192-0-0-0\" class=\"so-panel widget widget_sow-editor panel-first-child panel-last-child\" data-index=\"0\" ><div\n\t\t\t\n\t\t\tclass=\"so-widget-sow-editor so-widget-sow-editor-base\"\n\t\t\t\n\t\t>\n<div class=\"siteorigin-widget-tinymce textwidget\">\n\t<p style=\"text-align: left;\" data-ccp-props=\"{&quot;335551550&quot;:6,&quot;335551620&quot;:6,&quot;335559683&quot;:0,&quot;335559685&quot;:0,&quot;335559731&quot;:0,&quot;335559737&quot;:0,&quot;335562764&quot;:2,&quot;335562765&quot;:1,&quot;335562766&quot;:4,&quot;335562767&quot;:0,&quot;335562768&quot;:4,&quot;335562769&quot;:0}\">No solo ofrecemos productos de la m\u00e1s alta calidad, contamos con un equipo de profesionales cualificados, que prestan apoyo t\u00e9cnico in situ y orientaci\u00f3n de acuerdo a las necesidades de nuestros clientes y los avances tecnol\u00f3gicos. Nuestros servicios garantizan calidad e integridad en todo el proceso, cumpliendo con las especificaciones de cada proyecto, visitas t\u00e9cnicas y acompa\u00f1amiento.<\/p>\n<\/div>\n<\/div><\/div><\/div><\/div><div id=\"pg-1192-1\"  class=\"panel-grid panel-no-style\" ><div id=\"pgc-1192-1-0\"  class=\"panel-grid-cell\" ><div id=\"panel-1192-1-0-0\" class=\"so-panel widget widget_text panel-first-child panel-last-child\" data-index=\"1\" >\t\t\t<div class=\"textwidget\"><p>&nbsp;<\/p>\n<p><strong>Ofrecemos:<\/strong><\/p>\n<p><strong>\u2713<\/strong> Ingenier\u00eda b\u00e1sica y de detalle de cualquier instalaci\u00f3n<\/p>\n<p><strong>\u2713<\/strong> Instalaci\u00f3n de tuber\u00edas y membranas HDPE.<\/p>\n<p><strong>\u2713<\/strong> Construcciones en acero al carbono e inoxidable seg\u00fan normas internacionales<\/p>\n<p><strong>\u2713<\/strong> Fabricaci\u00f3n de elementos mec\u00e1nicos<\/p>\n<p><strong>\u2713<\/strong> Dise\u00f1o en general con software<\/p>\n<p><strong>\u2713<\/strong> Capacitaciones<\/p>\n<p><strong>\u2713<\/strong> Certificaciones<\/p>\n<\/div>\n\t\t<\/div><\/div><div id=\"pgc-1192-1-1\"  class=\"panel-grid-cell\" ><div id=\"panel-1192-1-1-0\" class=\"so-panel widget widget_media_image panel-first-child panel-last-child\" data-index=\"2\" ><img loading=\"lazy\" decoding=\"async\" width=\"702\" height=\"434\" src=\"https:\/\/pskoiltech.com\/wp-content\/uploads\/2024\/02\/servicios-pic-2.png\" class=\"image wp-image-1802  attachment-full size-full\" alt=\"\" style=\"max-width: 100%; height: auto;\" srcset=\"https:\/\/pskoiltech.com\/wp-content\/uploads\/2024\/02\/servicios-pic-2.png 702w, https:\/\/pskoiltech.com\/wp-content\/uploads\/2024\/02\/servicios-pic-2-300x185.png 300w\" sizes=\"auto, (max-width: 702px) 100vw, 702px\" \/><\/div><\/div><\/div><\/div>","protected":false},"excerpt":{"rendered":"<p>No solo ofrecemos productos de la m\u00e1s alta calidad, contamos con un equipo de profesionales cualificados, que prestan apoyo t\u00e9cnico in situ y orientaci\u00f3n de acuerdo a las necesidades de nuestros clientes y los avances tecnol\u00f3gicos. Nuestros servicios garantizan calidad e integridad en todo el proceso, cumpliendo con las especificaciones de cada proyecto, visitas t\u00e9cnicas y acompa\u00f1amiento. &nbsp; Ofrecemos: \u2713 Ingenier\u00eda b\u00e1sica y de detalle de cualquier instalaci\u00f3n \u2713 Instalaci\u00f3n&hellip;<\/p>\n","protected":false},"author":2,"featured_media":0,"parent":0,"menu_order":0,"comment_status":"closed","ping_status":"closed","template":"","meta":{"footnotes":""},"class_list":["post-1192","page","type-page","status-publish","hentry"],"_links":{"self":[{"href":"https:\/\/pskoiltech.com\/index.php?rest_route=\/wp\/v2\/pages\/1192","targetHints":{"allow":["GET"]}}],"collection":[{"href":"https:\/\/pskoiltech.com\/index.php?rest_route=\/wp\/v2\/pages"}],"about":[{"href":"https:\/\/pskoiltech.com\/index.php?rest_route=\/wp\/v2\/types\/page"}],"author":[{"embeddable":true,"href":"https:\/\/pskoiltech.com\/index.php?rest_route=\/wp\/v2\/users\/2"}],"replies":[{"embeddable":true,"href":"https:\/\/pskoiltech.com\/index.php?rest_route=%2Fwp%2Fv2%2Fcomments&post=1192"}],"version-history":[{"count":22,"href":"https:\/\/pskoiltech.com\/index.php?rest_route=\/wp\/v2\/pages\/1192\/revisions"}],"predecessor-version":[{"id":1803,"href":"https:\/\/pskoiltech.com\/index.php?rest_route=\/wp\/v2\/pages\/1192\/revisions\/1803"}],"wp:attachment":[{"href":"https:\/\/pskoiltech.com\/index.php?rest_route=%2Fwp%2Fv2%2Fmedia&parent=1192"}],"curies":[{"name":"wp","href":"https:\/\/api.w.org\/{rel}","templated":true}]}}