{"id":1439,"date":"2022-10-07T13:00:35","date_gmt":"2022-10-07T13:00:35","guid":{"rendered":"https:\/\/pskoiltech.com\/?page_id=1439"},"modified":"2025-03-02T09:24:07","modified_gmt":"2025-03-02T09:24:07","slug":"productos-copy-2-copy","status":"publish","type":"page","link":"https:\/\/pskoiltech.com\/?page_id=1439","title":{"rendered":"PRODUCTOS OILTECH"},"content":{"rendered":"<div id=\"pl-1439\"  class=\"panel-layout\" ><div id=\"pg-1439-0\"  class=\"panel-grid panel-no-style\" ><div id=\"pgc-1439-0-0\"  class=\"panel-grid-cell\" ><div id=\"panel-1439-0-0-0\" class=\"so-panel widget widget_text panel-first-child\" data-index=\"0\" >\t\t\t<div class=\"textwidget\"><p><img loading=\"lazy\" decoding=\"async\" class=\"alignnone wp-image-1523 size-medium\" src=\"https:\/\/pskoiltech.com\/wp-content\/uploads\/2022\/10\/OILTECHPIPE_LOGO-300x91.png\" alt=\"\" width=\"300\" height=\"91\" srcset=\"https:\/\/pskoiltech.com\/wp-content\/uploads\/2022\/10\/OILTECHPIPE_LOGO-300x91.png 300w, https:\/\/pskoiltech.com\/wp-content\/uploads\/2022\/10\/OILTECHPIPE_LOGO-1024x309.png 1024w, https:\/\/pskoiltech.com\/wp-content\/uploads\/2022\/10\/OILTECHPIPE_LOGO-768x232.png 768w, https:\/\/pskoiltech.com\/wp-content\/uploads\/2022\/10\/OILTECHPIPE_LOGO.png 1074w\" sizes=\"auto, (max-width: 300px) 100vw, 300px\" \/><\/p>\n<p>&nbsp;<\/p>\n<p><strong>Oiltechpipe<\/strong>\u00a0ofrece diversos productos y tecnolog\u00edas de vanguardia para satisfacer necesidades en la industria oil &amp; gas:<\/p>\n<p><strong>\u2713<\/strong>\u00a0Tuber\u00eda termopl\u00e1stica de alta presi\u00f3n.<\/p>\n<p><strong>\u2713<\/strong>\u00a0Tuber\u00eda compuesta reforzada.<\/p>\n<p><strong>\u2713<\/strong>\u00a0Tuber\u00eda de rehabilitaci\u00f3n.<\/p>\n<p><strong>\u2713<\/strong>\u00a0Remolques y carretes.<\/p>\n<\/div>\n\t\t<\/div><div id=\"panel-1439-0-0-1\" class=\"so-panel widget widget_sow-button\" data-index=\"1\" ><div\n\t\t\t\n\t\t\tclass=\"so-widget-sow-button so-widget-sow-button-flat-fb2593c5f006-1439\"\n\t\t\t\n\t\t><div class=\"ow-button-base ow-button-align-left\"\n>\n\t\t\t<a\n\t\t\t\t\thref=\"https:\/\/pskoiltech.com\/wp-content\/uploads\/2025\/03\/PSK-OILTECH-CA-OILTECHPIPE-Catalogo-Comercial-V20250303.pdf\"\n\t\t\t\t\tclass=\"sowb-button ow-icon-placement-left ow-button-hover\" target=\"_blank\" rel=\"noopener noreferrer\" \t>\n\t\t<span>\n\t\t\t\n\t\t\tCatalogo Oiltechpipe\t\t<\/span>\n\t\t\t<\/a>\n\t<\/div>\n<\/div><\/div><div id=\"panel-1439-0-0-2\" class=\"so-panel widget widget_sow-button panel-last-child\" data-index=\"2\" ><div\n\t\t\t\n\t\t\tclass=\"so-widget-sow-button so-widget-sow-button-flat-fb2593c5f006-1439\"\n\t\t\t\n\t\t><div class=\"ow-button-base ow-button-align-left\"\n>\n\t\t\t<a\n\t\t\t\t\thref=\"https:\/\/oiltechpipe.com\/\"\n\t\t\t\t\tclass=\"sowb-button ow-icon-placement-left ow-button-hover\" target=\"_blank\" rel=\"noopener noreferrer\" \t>\n\t\t<span>\n\t\t\t\n\t\t\tIr a pagina web\t\t<\/span>\n\t\t\t<\/a>\n\t<\/div>\n<\/div><\/div><\/div><div id=\"pgc-1439-0-1\"  class=\"panel-grid-cell\" ><div id=\"panel-1439-0-1-0\" class=\"so-panel widget widget_media_image panel-first-child panel-last-child\" data-index=\"3\" ><img loading=\"lazy\" decoding=\"async\" width=\"700\" height=\"988\" src=\"https:\/\/pskoiltech.com\/wp-content\/uploads\/2024\/02\/oiltechpipe-picture-final.png\" class=\"image wp-image-1796  attachment-full size-full\" alt=\"\" style=\"max-width: 100%; height: auto;\" srcset=\"https:\/\/pskoiltech.com\/wp-content\/uploads\/2024\/02\/oiltechpipe-picture-final.png 700w, https:\/\/pskoiltech.com\/wp-content\/uploads\/2024\/02\/oiltechpipe-picture-final-213x300.png 213w\" sizes=\"auto, (max-width: 700px) 100vw, 700px\" \/><\/div><\/div><\/div><\/div>","protected":false},"excerpt":{"rendered":"<p>&nbsp; Oiltechpipe\u00a0ofrece diversos productos y tecnolog\u00edas de vanguardia para satisfacer necesidades en la industria oil &amp; gas: \u2713\u00a0Tuber\u00eda termopl\u00e1stica de alta presi\u00f3n. \u2713\u00a0Tuber\u00eda compuesta reforzada. \u2713\u00a0Tuber\u00eda de rehabilitaci\u00f3n. \u2713\u00a0Remolques y carretes.<\/p>\n","protected":false},"author":2,"featured_media":0,"parent":0,"menu_order":0,"comment_status":"closed","ping_status":"closed","template":"","meta":{"footnotes":""},"class_list":["post-1439","page","type-page","status-publish","hentry"],"_links":{"self":[{"href":"https:\/\/pskoiltech.com\/index.php?rest_route=\/wp\/v2\/pages\/1439","targetHints":{"allow":["GET"]}}],"collection":[{"href":"https:\/\/pskoiltech.com\/index.php?rest_route=\/wp\/v2\/pages"}],"about":[{"href":"https:\/\/pskoiltech.com\/index.php?rest_route=\/wp\/v2\/types\/page"}],"author":[{"embeddable":true,"href":"https:\/\/pskoiltech.com\/index.php?rest_route=\/wp\/v2\/users\/2"}],"replies":[{"embeddable":true,"href":"https:\/\/pskoiltech.com\/index.php?rest_route=%2Fwp%2Fv2%2Fcomments&post=1439"}],"version-history":[{"count":32,"href":"https:\/\/pskoiltech.com\/index.php?rest_route=\/wp\/v2\/pages\/1439\/revisions"}],"predecessor-version":[{"id":1440,"href":"https:\/\/pskoiltech.com\/index.php?rest_route=\/wp\/v2\/pages\/1439\/revisions\/1440"}],"wp:attachment":[{"href":"https:\/\/pskoiltech.com\/index.php?rest_route=%2Fwp%2Fv2%2Fmedia&parent=1439"}],"curies":[{"name":"wp","href":"https:\/\/api.w.org\/{rel}","templated":true}]}}