{"id":1449,"date":"2022-10-07T13:04:26","date_gmt":"2022-10-07T13:04:26","guid":{"rendered":"https:\/\/pskoiltech.com\/?page_id=1449"},"modified":"2024-02-05T10:26:53","modified_gmt":"2024-02-05T10:26:53","slug":"productos-copy-2-copy-copy-copy","status":"publish","type":"page","link":"https:\/\/pskoiltech.com\/?page_id=1449","title":{"rendered":"PRODUCTOS ARTIFICAL LIFTING SYSTEMS"},"content":{"rendered":"<div id=\"pl-1449\"  class=\"panel-layout\" ><div id=\"pg-1449-0\"  class=\"panel-grid panel-no-style\" ><div id=\"pgc-1449-0-0\"  class=\"panel-grid-cell\" ><div id=\"panel-1449-0-0-0\" class=\"so-panel widget widget_text panel-first-child\" data-index=\"0\" >\t\t\t<div class=\"textwidget\"><p><img loading=\"lazy\" decoding=\"async\" class=\"alignnone wp-image-1770 size-medium\" src=\"https:\/\/pskoiltech.com\/wp-content\/uploads\/2024\/02\/oiltech-artifical-lifting-systems-logo-300x130.png\" alt=\"\" width=\"300\" height=\"130\" srcset=\"https:\/\/pskoiltech.com\/wp-content\/uploads\/2024\/02\/oiltech-artifical-lifting-systems-logo-300x130.png 300w, https:\/\/pskoiltech.com\/wp-content\/uploads\/2024\/02\/oiltech-artifical-lifting-systems-logo.png 667w\" sizes=\"auto, (max-width: 300px) 100vw, 300px\" \/><\/p>\n<p>&nbsp;<\/p>\n<p><strong>Oiltechsystems<\/strong> ofrece diversos sistemas de levantamiento artificial y\/o equipos de \u00faltima generaci\u00f3n para satisfacer las necesidades de la industria del petr\u00f3leo y el gas.<\/p>\n<p>\u2713 Bombas de Cavidad Progresiva (PCP)<br \/>\n\u2713 Unidades de bombeo<br \/>\n\u2713 Cabezales de accionamiento de pozo<br \/>\n\u2713 Bombas sumergibles el\u00e9ctricas<br \/>\n\u2713 Sistemas de calefacci\u00f3n de pozos<br \/>\n\u2713 Cables el\u00e9ctricos<br \/>\n\u2713 Cuadros de control el\u00e9ctricos<br \/>\n\u2713 Motores el\u00e9ctricos<\/p>\n<\/div>\n\t\t<\/div><div id=\"panel-1449-0-0-1\" class=\"so-panel widget widget_sow-button\" data-index=\"1\" ><div\n\t\t\t\n\t\t\tclass=\"so-widget-sow-button so-widget-sow-button-flat-581c316843f1-1449\"\n\t\t\t\n\t\t><div class=\"ow-button-base ow-button-align-left\"\n>\n\t\t\t<a\n\t\t\t\t\thref=\"https:\/\/pskoiltech.com\/wp-content\/uploads\/2024\/02\/PSK-INSTALACIONES-OILTECH-CA-OILTECH-UNIDAD-DE-BOMBEO-CATALOGO-COMERCIAL-V20240110.pdf\"\n\t\t\t\t\tclass=\"sowb-button ow-icon-placement-left ow-button-hover\" target=\"_blank\" rel=\"noopener noreferrer\" \t>\n\t\t<span>\n\t\t\t\n\t\t\tCatalogo Unidades de bombeo\t\t<\/span>\n\t\t\t<\/a>\n\t<\/div>\n<\/div><\/div><div id=\"panel-1449-0-0-2\" class=\"so-panel widget widget_sow-button\" data-index=\"2\" ><div\n\t\t\t\n\t\t\tclass=\"so-widget-sow-button so-widget-sow-button-flat-581c316843f1-1449\"\n\t\t\t\n\t\t><div class=\"ow-button-base ow-button-align-left\"\n>\n\t\t\t<a\n\t\t\t\t\thref=\"https:\/\/pskoiltech.com\/wp-content\/uploads\/2024\/02\/OILTECHSYSTEMS-TECHNIC\u0410L-C\u0410T\u0410LOGUE-ARTIFICIAL-LIFT-ESP-V20221013.pdf\"\n\t\t\t\t\tclass=\"sowb-button ow-icon-placement-left ow-button-hover\" target=\"_blank\" rel=\"noopener noreferrer\" \t>\n\t\t<span>\n\t\t\t\n\t\t\tCatalogo ESP\t\t<\/span>\n\t\t\t<\/a>\n\t<\/div>\n<\/div><\/div><div id=\"panel-1449-0-0-3\" class=\"so-panel widget widget_sow-button panel-last-child\" data-index=\"3\" ><div\n\t\t\t\n\t\t\tclass=\"so-widget-sow-button so-widget-sow-button-flat-581c316843f1-1449\"\n\t\t\t\n\t\t><div class=\"ow-button-base ow-button-align-left\"\n>\n\t\t\t<a\n\t\t\t\t\thref=\"https:\/\/oiltechsystems.com\/?page_id=507\"\n\t\t\t\t\tclass=\"sowb-button ow-icon-placement-left ow-button-hover\" target=\"_blank\" rel=\"noopener noreferrer\" \t>\n\t\t<span>\n\t\t\t\n\t\t\tIr a pagina web\t\t<\/span>\n\t\t\t<\/a>\n\t<\/div>\n<\/div><\/div><\/div><div id=\"pgc-1449-0-1\"  class=\"panel-grid-cell\" ><div id=\"panel-1449-0-1-0\" class=\"so-panel widget widget_media_image panel-first-child\" data-index=\"4\" ><img loading=\"lazy\" decoding=\"async\" width=\"842\" height=\"506\" src=\"https:\/\/pskoiltech.com\/wp-content\/uploads\/2024\/02\/\u041e\u0431\u043b\u043e\u0436\u043a\u0430-\u043d\u0430-\u043f\u0440\u043e\u0434\u0430\u043a\u0442-\u043b\u0430\u0439\u043d3-1024x616-1.png\" class=\"image wp-image-1754  attachment-full size-full\" alt=\"\" style=\"max-width: 100%; height: auto;\" srcset=\"https:\/\/pskoiltech.com\/wp-content\/uploads\/2024\/02\/\u041e\u0431\u043b\u043e\u0436\u043a\u0430-\u043d\u0430-\u043f\u0440\u043e\u0434\u0430\u043a\u0442-\u043b\u0430\u0439\u043d3-1024x616-1.png 842w, https:\/\/pskoiltech.com\/wp-content\/uploads\/2024\/02\/\u041e\u0431\u043b\u043e\u0436\u043a\u0430-\u043d\u0430-\u043f\u0440\u043e\u0434\u0430\u043a\u0442-\u043b\u0430\u0439\u043d3-1024x616-1-300x180.png 300w, https:\/\/pskoiltech.com\/wp-content\/uploads\/2024\/02\/\u041e\u0431\u043b\u043e\u0436\u043a\u0430-\u043d\u0430-\u043f\u0440\u043e\u0434\u0430\u043a\u0442-\u043b\u0430\u0439\u043d3-1024x616-1-768x462.png 768w\" sizes=\"auto, (max-width: 842px) 100vw, 842px\" \/><\/div><div id=\"panel-1449-0-1-1\" class=\"so-panel widget widget_media_image panel-last-child\" data-index=\"5\" ><img loading=\"lazy\" decoding=\"async\" width=\"861\" height=\"518\" src=\"https:\/\/pskoiltech.com\/wp-content\/uploads\/2024\/02\/PCP-\u043f\u0435\u0440\u0435\u0447\u0435\u043d\u044c.png\" class=\"image wp-image-1756  attachment-full size-full\" alt=\"\" style=\"max-width: 100%; height: auto;\" srcset=\"https:\/\/pskoiltech.com\/wp-content\/uploads\/2024\/02\/PCP-\u043f\u0435\u0440\u0435\u0447\u0435\u043d\u044c.png 861w, https:\/\/pskoiltech.com\/wp-content\/uploads\/2024\/02\/PCP-\u043f\u0435\u0440\u0435\u0447\u0435\u043d\u044c-300x180.png 300w, https:\/\/pskoiltech.com\/wp-content\/uploads\/2024\/02\/PCP-\u043f\u0435\u0440\u0435\u0447\u0435\u043d\u044c-768x462.png 768w\" sizes=\"auto, (max-width: 861px) 100vw, 861px\" \/><\/div><\/div><\/div><\/div>","protected":false},"excerpt":{"rendered":"<p>&nbsp; Oiltechsystems ofrece diversos sistemas de levantamiento artificial y\/o equipos de \u00faltima generaci\u00f3n para satisfacer las necesidades de la industria del petr\u00f3leo y el gas. \u2713 Bombas de Cavidad Progresiva (PCP) \u2713 Unidades de bombeo \u2713 Cabezales de accionamiento de pozo \u2713 Bombas sumergibles el\u00e9ctricas \u2713 Sistemas de calefacci\u00f3n de pozos \u2713 Cables el\u00e9ctricos \u2713 Cuadros de control el\u00e9ctricos \u2713 Motores el\u00e9ctricos<\/p>\n","protected":false},"author":2,"featured_media":0,"parent":0,"menu_order":0,"comment_status":"closed","ping_status":"closed","template":"","meta":{"footnotes":""},"class_list":["post-1449","page","type-page","status-publish","hentry"],"_links":{"self":[{"href":"https:\/\/pskoiltech.com\/index.php?rest_route=\/wp\/v2\/pages\/1449","targetHints":{"allow":["GET"]}}],"collection":[{"href":"https:\/\/pskoiltech.com\/index.php?rest_route=\/wp\/v2\/pages"}],"about":[{"href":"https:\/\/pskoiltech.com\/index.php?rest_route=\/wp\/v2\/types\/page"}],"author":[{"embeddable":true,"href":"https:\/\/pskoiltech.com\/index.php?rest_route=\/wp\/v2\/users\/2"}],"replies":[{"embeddable":true,"href":"https:\/\/pskoiltech.com\/index.php?rest_route=%2Fwp%2Fv2%2Fcomments&post=1449"}],"version-history":[{"count":54,"href":"https:\/\/pskoiltech.com\/index.php?rest_route=\/wp\/v2\/pages\/1449\/revisions"}],"predecessor-version":[{"id":1452,"href":"https:\/\/pskoiltech.com\/index.php?rest_route=\/wp\/v2\/pages\/1449\/revisions\/1452"}],"wp:attachment":[{"href":"https:\/\/pskoiltech.com\/index.php?rest_route=%2Fwp%2Fv2%2Fmedia&parent=1449"}],"curies":[{"name":"wp","href":"https:\/\/api.w.org\/{rel}","templated":true}]}}