{"id":1475,"date":"2022-10-10T10:34:53","date_gmt":"2022-10-10T10:34:53","guid":{"rendered":"https:\/\/pskoiltech.com\/?page_id=1475"},"modified":"2024-08-07T16:03:06","modified_gmt":"2024-08-07T16:03:06","slug":"productos-nueva","status":"publish","type":"page","link":"https:\/\/pskoiltech.com\/?page_id=1475","title":{"rendered":"PRODUCTOS"},"content":{"rendered":"<div id=\"pl-1475\"  class=\"panel-layout\" ><div id=\"pg-1475-0\"  class=\"panel-grid panel-no-style\" ><div id=\"pgc-1475-0-0\"  class=\"panel-grid-cell\" ><div id=\"panel-1475-0-0-0\" class=\"so-panel widget widget_sow-image panel-first-child panel-last-child\" data-index=\"0\" ><div\n\t\t\t\n\t\t\tclass=\"so-widget-sow-image so-widget-sow-image-default-113ccd71f3e6-1475\"\n\t\t\t\n\t\t>\n<div class=\"sow-image-container\">\n\t\t<img \n\tsrc=\"https:\/\/pskoiltech.com\/wp-content\/uploads\/2024\/02\/1.2-oiltechpipe.png\" width=\"541\" height=\"583\" srcset=\"https:\/\/pskoiltech.com\/wp-content\/uploads\/2024\/02\/1.2-oiltechpipe.png 541w, https:\/\/pskoiltech.com\/wp-content\/uploads\/2024\/02\/1.2-oiltechpipe-278x300.png 278w\" sizes=\"(max-width: 541px) 100vw, 541px\" title=\"OILTECHPIPE\" alt=\"\" \t\tclass=\"so-widget-image\"\/>\n\t<\/div>\n\n<\/div><\/div><\/div><div id=\"pgc-1475-0-1\"  class=\"panel-grid-cell\" ><div id=\"panel-1475-0-1-0\" class=\"so-panel widget widget_sow-image panel-first-child panel-last-child\" data-index=\"1\" ><div\n\t\t\t\n\t\t\tclass=\"so-widget-sow-image so-widget-sow-image-default-113ccd71f3e6-1475\"\n\t\t\t\n\t\t>\n<div class=\"sow-image-container\">\n\t\t<img \n\tsrc=\"https:\/\/pskoiltech.com\/wp-content\/uploads\/2024\/02\/2.2-fortiuspipe.png\" width=\"541\" height=\"583\" srcset=\"https:\/\/pskoiltech.com\/wp-content\/uploads\/2024\/02\/2.2-fortiuspipe.png 541w, https:\/\/pskoiltech.com\/wp-content\/uploads\/2024\/02\/2.2-fortiuspipe-278x300.png 278w\" sizes=\"(max-width: 541px) 100vw, 541px\" title=\"FORTIUSPIPE\" alt=\"\" \t\tclass=\"so-widget-image\"\/>\n\t<\/div>\n\n<\/div><\/div><\/div><div id=\"pgc-1475-0-2\"  class=\"panel-grid-cell\" ><div id=\"panel-1475-0-2-0\" class=\"so-panel widget widget_sow-image panel-first-child panel-last-child\" data-index=\"2\" ><div\n\t\t\t\n\t\t\tclass=\"so-widget-sow-image so-widget-sow-image-default-113ccd71f3e6-1475\"\n\t\t\t\n\t\t>\n<div class=\"sow-image-container\">\n\t\t<img \n\tsrc=\"https:\/\/pskoiltech.com\/wp-content\/uploads\/2024\/02\/4.1-oiltech_artifical_lifting_system.png\" width=\"541\" height=\"583\" srcset=\"https:\/\/pskoiltech.com\/wp-content\/uploads\/2024\/02\/4.1-oiltech_artifical_lifting_system.png 541w, https:\/\/pskoiltech.com\/wp-content\/uploads\/2024\/02\/4.1-oiltech_artifical_lifting_system-278x300.png 278w\" sizes=\"(max-width: 541px) 100vw, 541px\" title=\"ARTIFICAL LIFTING SYSTEMS\" alt=\"\" \t\tclass=\"so-widget-image\"\/>\n\t<\/div>\n\n<\/div><\/div><\/div><div id=\"pgc-1475-0-3\"  class=\"panel-grid-cell\" ><div id=\"panel-1475-0-3-0\" class=\"so-panel widget widget_sow-image panel-first-child panel-last-child\" data-index=\"3\" ><div\n\t\t\t\n\t\t\tclass=\"so-widget-sow-image so-widget-sow-image-default-113ccd71f3e6-1475\"\n\t\t\t\n\t\t>\n<div class=\"sow-image-container\">\n\t\t<img \n\tsrc=\"https:\/\/pskoiltech.com\/wp-content\/uploads\/2024\/02\/5.1-oiltech_piping_systems.png\" width=\"541\" height=\"583\" srcset=\"https:\/\/pskoiltech.com\/wp-content\/uploads\/2024\/02\/5.1-oiltech_piping_systems.png 541w, https:\/\/pskoiltech.com\/wp-content\/uploads\/2024\/02\/5.1-oiltech_piping_systems-278x300.png 278w\" sizes=\"(max-width: 541px) 100vw, 541px\" title=\"PIPING SYSTEMS\" alt=\"\" \t\tclass=\"so-widget-image\"\/>\n\t<\/div>\n\n<\/div><\/div><\/div><div id=\"pgc-1475-0-4\"  class=\"panel-grid-cell\" ><div id=\"panel-1475-0-4-0\" class=\"so-panel widget widget_sow-image panel-first-child panel-last-child\" data-index=\"4\" ><div\n\t\t\t\n\t\t\tclass=\"so-widget-sow-image so-widget-sow-image-default-113ccd71f3e6-1475\"\n\t\t\t\n\t\t>\n<div class=\"sow-image-container\">\n\t\t<img \n\tsrc=\"https:\/\/pskoiltech.com\/wp-content\/uploads\/2024\/02\/6.1-tekcoat.png\" width=\"541\" height=\"583\" srcset=\"https:\/\/pskoiltech.com\/wp-content\/uploads\/2024\/02\/6.1-tekcoat.png 541w, https:\/\/pskoiltech.com\/wp-content\/uploads\/2024\/02\/6.1-tekcoat-278x300.png 278w\" sizes=\"(max-width: 541px) 100vw, 541px\" title=\"TEKCOAT\" alt=\"\" \t\tclass=\"so-widget-image\"\/>\n\t<\/div>\n\n<\/div><\/div><\/div><div id=\"pgc-1475-0-5\"  class=\"panel-grid-cell\" ><div id=\"panel-1475-0-5-0\" class=\"so-panel widget widget_sow-image panel-first-child panel-last-child\" data-index=\"5\" ><div\n\t\t\t\n\t\t\tclass=\"so-widget-sow-image so-widget-sow-image-default-113ccd71f3e6-1475\"\n\t\t\t\n\t\t>\n<div class=\"sow-image-container\">\n\t\t<img \n\tsrc=\"https:\/\/pskoiltech.com\/wp-content\/uploads\/2024\/02\/5.1-cellgas.jpg\" width=\"541\" height=\"583\" srcset=\"https:\/\/pskoiltech.com\/wp-content\/uploads\/2024\/02\/5.1-cellgas.jpg 541w, https:\/\/pskoiltech.com\/wp-content\/uploads\/2024\/02\/5.1-cellgas-278x300.jpg 278w\" sizes=\"(max-width: 541px) 100vw, 541px\" title=\"CELLGAS\" alt=\"\" \t\tclass=\"so-widget-image\"\/>\n\t<\/div>\n\n<\/div><\/div><\/div><\/div><div id=\"pg-1475-1\"  class=\"panel-grid panel-no-style\" ><div id=\"pgc-1475-1-0\"  class=\"panel-grid-cell\" ><div id=\"panel-1475-1-0-0\" class=\"so-panel widget widget_sow-button panel-first-child panel-last-child\" data-index=\"6\" ><div\n\t\t\t\n\t\t\tclass=\"so-widget-sow-button so-widget-sow-button-flat-c233884146cc-1475\"\n\t\t\t\n\t\t><div class=\"ow-button-base ow-button-align-justify\"\n style=\"display: block;\">\n\t\t\t<a\n\t\t\t\t\thref=\"https:\/\/pskoiltech.com\/?page_id=929\"\n\t\t\t\t\tclass=\"sowb-button ow-icon-placement-left ow-button-hover\" \t>\n\t\t<span>\n\t\t\t\n\t\t\tLEER M\u00c1S\t\t<\/span>\n\t\t\t<\/a>\n\t<\/div>\n<\/div><\/div><\/div><div id=\"pgc-1475-1-1\"  class=\"panel-grid-cell\" ><div id=\"panel-1475-1-1-0\" class=\"so-panel widget widget_sow-button panel-first-child panel-last-child\" data-index=\"7\" ><div\n\t\t\t\n\t\t\tclass=\"so-widget-sow-button so-widget-sow-button-flat-c233884146cc-1475\"\n\t\t\t\n\t\t><div class=\"ow-button-base ow-button-align-justify\"\n style=\"display: block;\">\n\t\t\t<a\n\t\t\t\t\thref=\"https:\/\/pskoiltech.com\/?page_id=1439\"\n\t\t\t\t\tclass=\"sowb-button ow-icon-placement-left ow-button-hover\" \t>\n\t\t<span>\n\t\t\t\n\t\t\tLEER M\u00c1S\t\t<\/span>\n\t\t\t<\/a>\n\t<\/div>\n<\/div><\/div><\/div><div id=\"pgc-1475-1-2\"  class=\"panel-grid-cell\" ><div id=\"panel-1475-1-2-0\" class=\"so-panel widget widget_sow-button panel-first-child panel-last-child\" data-index=\"8\" ><div\n\t\t\t\n\t\t\tclass=\"so-widget-sow-button so-widget-sow-button-flat-c233884146cc-1475\"\n\t\t\t\n\t\t><div class=\"ow-button-base ow-button-align-justify\"\n style=\"display: block;\">\n\t\t\t<a\n\t\t\t\t\thref=\"https:\/\/pskoiltech.com\/?page_id=1449\"\n\t\t\t\t\tclass=\"sowb-button ow-icon-placement-left ow-button-hover\" \t>\n\t\t<span>\n\t\t\t\n\t\t\tLEER M\u00c1S\t\t<\/span>\n\t\t\t<\/a>\n\t<\/div>\n<\/div><\/div><\/div><div id=\"pgc-1475-1-3\"  class=\"panel-grid-cell\" ><div id=\"panel-1475-1-3-0\" class=\"so-panel widget widget_sow-button panel-first-child panel-last-child\" data-index=\"9\" ><div\n\t\t\t\n\t\t\tclass=\"so-widget-sow-button so-widget-sow-button-flat-9ccc29200476-1475\"\n\t\t\t\n\t\t><div class=\"ow-button-base ow-button-align-justify\"\n style=\"display: block;\">\n\t\t\t<a\n\t\t\t\t\thref=\"https:\/\/pskoiltech.com\/?page_id=1894\"\n\t\t\t\t\tclass=\"sowb-button ow-icon-placement-left ow-button-hover\" target=\"_blank\" rel=\"noopener noreferrer\" \t>\n\t\t<span>\n\t\t\t\n\t\t\tLEER M\u00c1S\t\t<\/span>\n\t\t\t<\/a>\n\t<\/div>\n<\/div><\/div><\/div><div id=\"pgc-1475-1-4\"  class=\"panel-grid-cell\" ><div id=\"panel-1475-1-4-0\" class=\"so-panel widget widget_sow-button panel-first-child panel-last-child\" data-index=\"10\" ><div\n\t\t\t\n\t\t\tclass=\"so-widget-sow-button so-widget-sow-button-flat-c233884146cc-1475\"\n\t\t\t\n\t\t><div class=\"ow-button-base ow-button-align-justify\"\n style=\"display: block;\">\n\t\t\t<a\n\t\t\t\t\thref=\"https:\/\/pskoiltech.com\/?page_id=1772\"\n\t\t\t\t\tclass=\"sowb-button ow-icon-placement-left ow-button-hover\" target=\"_blank\" rel=\"noopener noreferrer\" \t>\n\t\t<span>\n\t\t\t\n\t\t\tLEER M\u00c1S\t\t<\/span>\n\t\t\t<\/a>\n\t<\/div>\n<\/div><\/div><\/div><div id=\"pgc-1475-1-5\"  class=\"panel-grid-cell\" ><div id=\"panel-1475-1-5-0\" class=\"so-panel widget widget_sow-button panel-first-child panel-last-child\" data-index=\"11\" ><div\n\t\t\t\n\t\t\tclass=\"so-widget-sow-button so-widget-sow-button-flat-9ccc29200476-1475\"\n\t\t\t\n\t\t><div class=\"ow-button-base ow-button-align-justify\"\n style=\"display: block;\">\n\t\t\t<a\n\t\t\t\t\thref=\"https:\/\/pskoiltech.com\/wp-content\/uploads\/2024\/02\/Cellgas-V20240216.pdf\"\n\t\t\t\t\tclass=\"sowb-button ow-icon-placement-left ow-button-hover\" target=\"_blank\" rel=\"noopener noreferrer\" \t>\n\t\t<span>\n\t\t\t\n\t\t\tLEER M\u00c1S\t\t<\/span>\n\t\t\t<\/a>\n\t<\/div>\n<\/div><\/div><\/div><\/div><\/div>","protected":false},"excerpt":{"rendered":"<p>LEER M\u00c1S LEER M\u00c1S LEER M\u00c1S LEER M\u00c1S LEER M\u00c1S LEER M\u00c1S<\/p>\n","protected":false},"author":2,"featured_media":0,"parent":308,"menu_order":0,"comment_status":"closed","ping_status":"closed","template":"","meta":{"footnotes":""},"class_list":["post-1475","page","type-page","status-publish","hentry"],"_links":{"self":[{"href":"https:\/\/pskoiltech.com\/index.php?rest_route=\/wp\/v2\/pages\/1475","targetHints":{"allow":["GET"]}}],"collection":[{"href":"https:\/\/pskoiltech.com\/index.php?rest_route=\/wp\/v2\/pages"}],"about":[{"href":"https:\/\/pskoiltech.com\/index.php?rest_route=\/wp\/v2\/types\/page"}],"author":[{"embeddable":true,"href":"https:\/\/pskoiltech.com\/index.php?rest_route=\/wp\/v2\/users\/2"}],"replies":[{"embeddable":true,"href":"https:\/\/pskoiltech.com\/index.php?rest_route=%2Fwp%2Fv2%2Fcomments&post=1475"}],"version-history":[{"count":33,"href":"https:\/\/pskoiltech.com\/index.php?rest_route=\/wp\/v2\/pages\/1475\/revisions"}],"predecessor-version":[{"id":1478,"href":"https:\/\/pskoiltech.com\/index.php?rest_route=\/wp\/v2\/pages\/1475\/revisions\/1478"}],"up":[{"embeddable":true,"href":"https:\/\/pskoiltech.com\/index.php?rest_route=\/wp\/v2\/pages\/308"}],"wp:attachment":[{"href":"https:\/\/pskoiltech.com\/index.php?rest_route=%2Fwp%2Fv2%2Fmedia&parent=1475"}],"curies":[{"name":"wp","href":"https:\/\/api.w.org\/{rel}","templated":true}]}}