{"id":1772,"date":"2024-02-01T13:20:57","date_gmt":"2024-02-01T13:20:57","guid":{"rendered":"https:\/\/pskoiltech.com\/?page_id=1772"},"modified":"2024-02-01T14:21:47","modified_gmt":"2024-02-01T14:21:47","slug":"productos-copy-2-copy-copy-copy-copy-2-copy","status":"publish","type":"page","link":"https:\/\/pskoiltech.com\/?page_id=1772","title":{"rendered":"PRODUCTOS TEKCOAT"},"content":{"rendered":"<div id=\"pl-1772\"  class=\"panel-layout\" ><div id=\"pg-1772-0\"  class=\"panel-grid panel-no-style\" ><div id=\"pgc-1772-0-0\"  class=\"panel-grid-cell\" ><div id=\"panel-1772-0-0-0\" class=\"so-panel widget widget_text panel-first-child\" data-index=\"0\" >\t\t\t<div class=\"textwidget\"><p><img loading=\"lazy\" decoding=\"async\" class=\"alignnone wp-image-1535 size-medium\" src=\"https:\/\/pskoiltech.com\/wp-content\/uploads\/2022\/10\/tekcoat-logo-1024x484-1-e1665402819243-300x105.png\" alt=\"\" width=\"300\" height=\"105\" srcset=\"https:\/\/pskoiltech.com\/wp-content\/uploads\/2022\/10\/tekcoat-logo-1024x484-1-e1665402819243-300x105.png 300w, https:\/\/pskoiltech.com\/wp-content\/uploads\/2022\/10\/tekcoat-logo-1024x484-1-e1665402819243-768x269.png 768w, https:\/\/pskoiltech.com\/wp-content\/uploads\/2022\/10\/tekcoat-logo-1024x484-1-e1665402819243.png 844w\" sizes=\"auto, (max-width: 300px) 100vw, 300px\" \/><\/p>\n<p>&nbsp;<\/p>\n<p><strong>TEKCOAT<\/strong>\u00a0ofrece diversos recubrimientos especiales para la protecci\u00f3n y rehabilitaci\u00f3n contra la corrosi\u00f3n de estructuras met\u00e1licas y tuber\u00edas.<\/p>\n<p>Estos recubrimientos son sistemas de protecci\u00f3n contra la corrosi\u00f3n de ultima generaci\u00f3n que se utilizan en la industria petrolera y petroqu\u00edmica, entre otros, mediante la aplicaci\u00f3n de recubrimientos compuestos de resina, avanzados, reforzados con cargas micro cer\u00e1micas y tecnolog\u00eda nano. Las principales propiedades son: resistencia qu\u00edmica, resistencia a la abrasi\u00f3n y estabilidad a la intemperie.<\/p>\n<\/div>\n\t\t<\/div><div id=\"panel-1772-0-0-1\" class=\"so-panel widget widget_sow-button\" data-index=\"1\" ><div\n\t\t\t\n\t\t\tclass=\"so-widget-sow-button so-widget-sow-button-flat-581c316843f1-1772\"\n\t\t\t\n\t\t><div class=\"ow-button-base ow-button-align-left\"\n>\n\t\t\t<a\n\t\t\t\t\thref=\"https:\/\/pskoiltech.com\/wp-content\/uploads\/2024\/02\/Tekcoat-V20240118.pdf\"\n\t\t\t\t\tclass=\"sowb-button ow-icon-placement-left ow-button-hover\" target=\"_blank\" rel=\"noopener noreferrer\" \t>\n\t\t<span>\n\t\t\t\n\t\t\tCatalogo Tekcoat\t\t<\/span>\n\t\t\t<\/a>\n\t<\/div>\n<\/div><\/div><div id=\"panel-1772-0-0-2\" class=\"so-panel widget widget_sow-button panel-last-child\" data-index=\"2\" ><div\n\t\t\t\n\t\t\tclass=\"so-widget-sow-button so-widget-sow-button-flat-581c316843f1-1772\"\n\t\t\t\n\t\t><div class=\"ow-button-base ow-button-align-left\"\n>\n\t\t\t<a\n\t\t\t\t\thref=\"https:\/\/tekcoat.com\/\"\n\t\t\t\t\tclass=\"sowb-button ow-icon-placement-left ow-button-hover\" target=\"_blank\" rel=\"noopener noreferrer\" \t>\n\t\t<span>\n\t\t\t\n\t\t\tIr a pagina web\t\t<\/span>\n\t\t\t<\/a>\n\t<\/div>\n<\/div><\/div><\/div><div id=\"pgc-1772-0-1\"  class=\"panel-grid-cell\" ><div id=\"panel-1772-0-1-0\" class=\"so-panel widget widget_media_image panel-first-child panel-last-child\" data-index=\"3\" ><img loading=\"lazy\" decoding=\"async\" width=\"1500\" height=\"1500\" src=\"https:\/\/pskoiltech.com\/wp-content\/uploads\/2024\/02\/3-Tekcoat.png\" class=\"image wp-image-1800  attachment-full size-full\" alt=\"\" style=\"max-width: 100%; height: auto;\" srcset=\"https:\/\/pskoiltech.com\/wp-content\/uploads\/2024\/02\/3-Tekcoat.png 1500w, https:\/\/pskoiltech.com\/wp-content\/uploads\/2024\/02\/3-Tekcoat-300x300.png 300w, https:\/\/pskoiltech.com\/wp-content\/uploads\/2024\/02\/3-Tekcoat-1024x1024.png 1024w, https:\/\/pskoiltech.com\/wp-content\/uploads\/2024\/02\/3-Tekcoat-150x150.png 150w, https:\/\/pskoiltech.com\/wp-content\/uploads\/2024\/02\/3-Tekcoat-768x768.png 768w\" sizes=\"auto, (max-width: 1500px) 100vw, 1500px\" \/><\/div><\/div><\/div><\/div>","protected":false},"excerpt":{"rendered":"<p>&nbsp; TEKCOAT\u00a0ofrece diversos recubrimientos especiales para la protecci\u00f3n y rehabilitaci\u00f3n contra la corrosi\u00f3n de estructuras met\u00e1licas y tuber\u00edas. Estos recubrimientos son sistemas de protecci\u00f3n contra la corrosi\u00f3n de ultima generaci\u00f3n que se utilizan en la industria petrolera y petroqu\u00edmica, entre otros, mediante la aplicaci\u00f3n de recubrimientos compuestos de resina, avanzados, reforzados con cargas micro cer\u00e1micas y tecnolog\u00eda nano. Las principales propiedades son: resistencia qu\u00edmica, resistencia a la abrasi\u00f3n y estabilidad&hellip;<\/p>\n","protected":false},"author":2,"featured_media":0,"parent":0,"menu_order":0,"comment_status":"closed","ping_status":"closed","template":"","meta":{"footnotes":""},"class_list":["post-1772","page","type-page","status-publish","hentry"],"_links":{"self":[{"href":"https:\/\/pskoiltech.com\/index.php?rest_route=\/wp\/v2\/pages\/1772","targetHints":{"allow":["GET"]}}],"collection":[{"href":"https:\/\/pskoiltech.com\/index.php?rest_route=\/wp\/v2\/pages"}],"about":[{"href":"https:\/\/pskoiltech.com\/index.php?rest_route=\/wp\/v2\/types\/page"}],"author":[{"embeddable":true,"href":"https:\/\/pskoiltech.com\/index.php?rest_route=\/wp\/v2\/users\/2"}],"replies":[{"embeddable":true,"href":"https:\/\/pskoiltech.com\/index.php?rest_route=%2Fwp%2Fv2%2Fcomments&post=1772"}],"version-history":[{"count":8,"href":"https:\/\/pskoiltech.com\/index.php?rest_route=\/wp\/v2\/pages\/1772\/revisions"}],"predecessor-version":[{"id":1773,"href":"https:\/\/pskoiltech.com\/index.php?rest_route=\/wp\/v2\/pages\/1772\/revisions\/1773"}],"wp:attachment":[{"href":"https:\/\/pskoiltech.com\/index.php?rest_route=%2Fwp%2Fv2%2Fmedia&parent=1772"}],"curies":[{"name":"wp","href":"https:\/\/api.w.org\/{rel}","templated":true}]}}