{"id":58,"date":"2018-08-22T22:02:30","date_gmt":"2018-08-22T22:02:30","guid":{"rendered":"https:\/\/pskoiltech.com\/?page_id=58"},"modified":"2020-08-11T09:20:33","modified_gmt":"2020-08-11T09:20:33","slug":"producto-1","status":"publish","type":"page","link":"https:\/\/pskoiltech.com\/?page_id=58","title":{"rendered":"TUBER\u00cdA TERMOPL\u00c1STICA REFORZADA"},"content":{"rendered":"<p style=\"text-align: justify;\">Ofrecemos la gama m\u00e1s avanzado en tuber\u00eda termopl\u00e1stica reforzada con di\u00e1metros de 2\u201d a 8\u201d&nbsp; para presiones de trabajo de hasta 3000 psi, bajo la marca&nbsp;<b>OILTECHPIPE<\/b>.<\/p>\n<p><img loading=\"lazy\" decoding=\"async\" class=\"aligncenter wp-image-461\" src=\"https:\/\/fcpoiltechcolombia.com\/wp-content\/uploads\/2018\/09\/%D0%A0%D0%B8%D1%81%D1%83%D0%BD%D0%BE%D0%BA3-1024x461.png\" sizes=\"auto, (max-width: 550px) 100vw, 550px\" srcset=\"https:\/\/fcpoiltechcolombia.com\/wp-content\/uploads\/2018\/09\/\u0420\u0438\u0441\u0443\u043d\u043e\u043a3-1024x461.png 1024w, https:\/\/fcpoiltechcolombia.com\/wp-content\/uploads\/2018\/09\/\u0420\u0438\u0441\u0443\u043d\u043e\u043a3-300x135.png 300w, https:\/\/fcpoiltechcolombia.com\/wp-content\/uploads\/2018\/09\/\u0420\u0438\u0441\u0443\u043d\u043e\u043a3-768x346.png 768w, https:\/\/fcpoiltechcolombia.com\/wp-content\/uploads\/2018\/09\/\u0420\u0438\u0441\u0443\u043d\u043e\u043a3.png 1059w\" alt=\"\" width=\"550\" height=\"248\"><\/p>\n<p><u><b><img loading=\"lazy\" decoding=\"async\" class=\"alignright wp-image-571\" src=\"https:\/\/fcpoiltechcolombia.com\/wp-content\/uploads\/2018\/09\/%D0%A0%D0%B8%D1%81%D1%83%D0%BD%D0%BE%D0%BA-%D0%B1%D0%B5%D0%BB-1.png\" sizes=\"auto, (max-width: 405px) 100vw, 405px\" srcset=\"https:\/\/fcpoiltechcolombia.com\/wp-content\/uploads\/2018\/09\/\u0420\u0438\u0441\u0443\u043d\u043e\u043a-\u0431\u0435\u043b-1.png 943w, https:\/\/fcpoiltechcolombia.com\/wp-content\/uploads\/2018\/09\/\u0420\u0438\u0441\u0443\u043d\u043e\u043a-\u0431\u0435\u043b-1-300x222.png 300w, https:\/\/fcpoiltechcolombia.com\/wp-content\/uploads\/2018\/09\/\u0420\u0438\u0441\u0443\u043d\u043e\u043a-\u0431\u0435\u043b-1-768x568.png 768w\" alt=\"\" width=\"405\" height=\"300\">Dise\u00f1o<\/b><\/u><u><b>&nbsp;Onshore<\/b><\/u><\/p>\n<p>Di\u00e1metro Interno (in): 2-8<br \/>\nPresi\u00f3n de operaci\u00f3n (psi): 600-3000<br \/>\nTemperatura de operaci\u00f3n (\u00b0F): -40\u2026 +150*<br \/>\nTransporte de fluidos: Crudo, gas y agua.<\/p>\n<p>Para preservar todas las propiedades de la tuber\u00eda durante su almacenamiento a altas temperaturas, la capa externa de&nbsp;<b>OILTECHPIPE RTP<\/b>&nbsp;<b>&nbsp;<\/b>se produce en color blanco, la vida de dise\u00f1o es de 20 a\u00f1os.<\/p>\n<p><img loading=\"lazy\" decoding=\"async\" class=\"wp-image-574 alignleft\" src=\"https:\/\/fcpoiltechcolombia.com\/wp-content\/uploads\/2018\/09\/%D0%A0%D0%B8%D1%81%D1%83%D0%BD%D0%BE%D0%BA-%D1%87%D0%B5%D1%80-1-1024x652.png\" sizes=\"auto, (max-width: 471px) 100vw, 471px\" srcset=\"https:\/\/fcpoiltechcolombia.com\/wp-content\/uploads\/2018\/09\/\u0420\u0438\u0441\u0443\u043d\u043e\u043a-\u0447\u0435\u0440-1-1024x652.png 1024w, https:\/\/fcpoiltechcolombia.com\/wp-content\/uploads\/2018\/09\/\u0420\u0438\u0441\u0443\u043d\u043e\u043a-\u0447\u0435\u0440-1-300x191.png 300w, https:\/\/fcpoiltechcolombia.com\/wp-content\/uploads\/2018\/09\/\u0420\u0438\u0441\u0443\u043d\u043e\u043a-\u0447\u0435\u0440-1-768x489.png 768w, https:\/\/fcpoiltechcolombia.com\/wp-content\/uploads\/2018\/09\/\u0420\u0438\u0441\u0443\u043d\u043e\u043a-\u0447\u0435\u0440-1.png 1155w\" alt=\"\" width=\"471\" height=\"300\"><\/p>\n<p><u><b>Dise\u00f1o<\/b><\/u><u><b>&nbsp;Offshore<\/b><\/u><\/p>\n<p>Di\u00e1metro Interno (in): 2-8Presi\u00f3n de operaci\u00f3n (psi): 600-3000<br \/>\nTemperatura de operaci\u00f3n (\u00b0F): -40\u2026 +150*<br \/>\nTransporte de fluidos: Crudo, gas y agua.<\/p>\n<p style=\"text-align: justify;\"><b>OILTECHPIPE&nbsp;<\/b>se produce tanto para aplicaciones en tierra como en el mar y se diferencia por el material de su cubierta exterior. La vida de dise\u00f1o es de 20 a\u00f1os. La vida esperada es de 50 a\u00f1os si la tuber\u00eda est\u00e1 enterrada o de 20 a\u00f1os si est\u00e1 instalada en la superficie.<\/p>\n<p style=\"text-align: justify;\">*&nbsp;A petici\u00f3n del cliente,&nbsp;<b>OILTECHPIPE<\/b>&nbsp;puede estar hecho de un material con mayor resistencia al calor, lo que permitir\u00e1 que el producto se utilice a temperaturas de hasta + 250 \u00b0F o m\u00e1s.<\/p>\n<p><u><b>VENTAJAS<\/b><\/u><u><b>:<\/b><\/u><\/p>\n<p><b>OILTECHPIPE<\/b>&nbsp;tiene una serie de ventajas en comparaci\u00f3n con las tuber\u00edas de acero utilizadas tradicionalmente:<\/p>\n<p><strong><img loading=\"lazy\" decoding=\"async\" class=\"alignleft wp-image-210\" src=\"https:\/\/pskoiltech.com\/wp-content\/uploads\/2018\/09\/\u0420\u0438\u0441\u0443\u043d\u043e\u043a6.png\" alt=\"\" width=\"226\" height=\"320\" srcset=\"https:\/\/pskoiltech.com\/wp-content\/uploads\/2018\/09\/\u0420\u0438\u0441\u0443\u043d\u043e\u043a6.png 297w, https:\/\/pskoiltech.com\/wp-content\/uploads\/2018\/09\/\u0420\u0438\u0441\u0443\u043d\u043e\u043a6-212x300.png 212w\" sizes=\"auto, (max-width: 226px) 100vw, 226px\" \/><\/strong><\/p>\n<p><strong>\u221a<\/strong>&nbsp;Sin corrosi\u00f3n.<br \/>\n<strong>\u221a<\/strong>&nbsp;Costo reducido.<br \/>\n<strong>\u221a<\/strong>&nbsp;Reducci\u00f3n en tiempo de instalaci\u00f3n.<br \/>\n<strong>\u221a<\/strong>&nbsp;Producci\u00f3n de largas longitudes.<br \/>\n<strong>\u221a<\/strong>&nbsp;Bajo factor de conductividad t\u00e9rmica.<br \/>\n<strong>\u221a<\/strong>&nbsp;Alta Resistencia a ambientes agresivos.<br \/>\n<strong>\u221a<\/strong>&nbsp;Posibilidad de calefacci\u00f3n el\u00e9ctrica.<br \/>\n<strong>\u221a<\/strong>&nbsp;Bajas perdidas hidr\u00e1ulicas.<br \/>\n<strong>\u221a<\/strong>&nbsp;Baja fricci\u00f3n, sin escalas o erosi\u00f3n.<br \/>\n<strong>\u221a<\/strong>&nbsp;Bajos costos de operaci\u00f3n.<br \/>\n<strong>\u221a<\/strong>&nbsp;No requiere protecci\u00f3n cat\u00f3dica.<\/p>\n<p><u><b>ACCESORIOS<\/b><\/u><u><b>:<\/b><\/u><\/p>\n<p style=\"text-align: justify;\">El tubo&nbsp;<b>OILTECHPIPE<\/b>&nbsp;reforzado polim\u00e9rico de alta presi\u00f3n se conecta a los tubos de metal y a varias partes mediante accesorios de extremo. Se suministra con dos tipos de accesorios: accesorio de tuber\u00eda con brida y accesorio de tuber\u00eda para soldar.<\/p>\n<p style=\"text-align: justify;\">El material del accesorio, por regla general, se elige sobre la base de la compatibilidad de los l\u00edquidos bombeados y las caracter\u00edsticas anticorrosivas del material. El acero al carbono se usa generalmente en casos donde la corrosi\u00f3n no es un problema importante. Al transportar l\u00edquidos corrosivos, se recomienda el uso de accesorios de acero inoxidable.<\/p>\n<div id='gallery-1' class='gallery galleryid-58 gallery-columns-3 gallery-size-full'><figure class='gallery-item'>\n\t\t\t<div class='gallery-icon landscape'>\n\t\t\t\t<img loading=\"lazy\" decoding=\"async\" width=\"229\" height=\"150\" src=\"https:\/\/pskoiltech.com\/wp-content\/uploads\/2018\/09\/9-2-e1536823657689.png\" class=\"attachment-full size-full\" alt=\"\" \/>\n\t\t\t<\/div><\/figure><figure class='gallery-item'>\n\t\t\t<div class='gallery-icon landscape'>\n\t\t\t\t<img loading=\"lazy\" decoding=\"async\" width=\"171\" height=\"150\" src=\"https:\/\/pskoiltech.com\/wp-content\/uploads\/2018\/09\/7-2-e1536823626327.png\" class=\"attachment-full size-full\" alt=\"\" \/>\n\t\t\t<\/div><\/figure><figure class='gallery-item'>\n\t\t\t<div class='gallery-icon landscape'>\n\t\t\t\t<img loading=\"lazy\" decoding=\"async\" width=\"256\" height=\"150\" src=\"https:\/\/pskoiltech.com\/wp-content\/uploads\/2018\/09\/8-2-e1536823639238.png\" class=\"attachment-full size-full\" alt=\"\" \/>\n\t\t\t<\/div><\/figure>\n\t\t<\/div>\n\n<div id=\"gallery-1\" class=\"gallery galleryid-291 gallery-columns-3 gallery-size-medium\" style=\"text-align: center;\"><\/div>\n<p><u><b>Instalaci\u00f3n:<\/b><\/u><\/p>\n<p><b><img loading=\"lazy\" decoding=\"async\" class=\"wp-image-593 size-thumbnail alignright\" src=\"https:\/\/fcpoiltechcolombia.com\/wp-content\/uploads\/2018\/09\/%D0%A0%D0%B8%D1%81%D1%83%D0%BD%D0%BE%D0%BA71-1-150x150.png\" alt=\"\" width=\"150\" height=\"150\">Ventajas:<\/b><\/p>\n<ul>\n<li>R\u00e1pida instalaci\u00f3n de las conexiones (30-45 minutos)<\/li>\n<li>M\u00ednima cantidad de equipo.<\/li>\n<li>Instalaci\u00f3n realizada por un equipo de 2-3 personas.<\/li>\n<\/ul>\n<p><b><img loading=\"lazy\" decoding=\"async\" class=\"wp-image-577 alignright\" src=\"https:\/\/fcpoiltechcolombia.com\/wp-content\/uploads\/2018\/09\/%D0%A0%D0%B8%D1%81%D1%83%D0%BD%D0%BE%D0%BA72-300x204.png\" sizes=\"auto, (max-width: 265px) 100vw, 265px\" srcset=\"https:\/\/fcpoiltechcolombia.com\/wp-content\/uploads\/2018\/09\/\u0420\u0438\u0441\u0443\u043d\u043e\u043a72-300x204.png 300w, https:\/\/fcpoiltechcolombia.com\/wp-content\/uploads\/2018\/09\/\u0420\u0438\u0441\u0443\u043d\u043e\u043a72.png 405w\" alt=\"\" width=\"265\" height=\"180\"><img loading=\"lazy\" decoding=\"async\" class=\"wp-image-578 alignright\" src=\"https:\/\/fcpoiltechcolombia.com\/wp-content\/uploads\/2018\/09\/%D0%A0%D0%B8%D1%81%D1%83%D0%BD%D0%BE%D0%BA73-300x225.png\" sizes=\"auto, (max-width: 240px) 100vw, 240px\" srcset=\"https:\/\/fcpoiltechcolombia.com\/wp-content\/uploads\/2018\/09\/\u0420\u0438\u0441\u0443\u043d\u043e\u043a73-300x225.png 300w, https:\/\/fcpoiltechcolombia.com\/wp-content\/uploads\/2018\/09\/\u0420\u0438\u0441\u0443\u043d\u043e\u043a73.png 380w\" alt=\"\" width=\"240\" height=\"180\"><\/b><\/p>\n<p><b>Equipo de instalaci\u00f3n de&nbsp;<\/b><b>tuber\u00eda:<\/b><\/p>\n<ul>\n<li>Equipo de instalaci\u00f3n de acoplamientos.<\/li>\n<li>Prensa hidr\u00e1ulica.<\/li>\n<\/ul>\n<p><b>Equipo de bobinado \/ desenrollado de&nbsp;<\/b><b>tuber\u00eda:<\/b><b><\/b><\/p>\n<ul>\n<li><b>&nbsp;<\/b>Equipo de recogida.<\/li>\n<li>Avanzando en rodillos de enrollamiento.<b><\/b><\/li>\n<\/ul>\n","protected":false},"excerpt":{"rendered":"<p>Ofrecemos la gama m\u00e1s avanzado en tuber\u00eda termopl\u00e1stica reforzada con di\u00e1metros de 2\u201d a 8\u201d&nbsp; para presiones de trabajo de hasta 3000 psi, bajo la marca&nbsp;OILTECHPIPE. Dise\u00f1o&nbsp;Onshore Di\u00e1metro Interno (in): 2-8 Presi\u00f3n de operaci\u00f3n (psi): 600-3000 Temperatura de operaci\u00f3n (\u00b0F): -40\u2026 +150* Transporte de fluidos: Crudo, gas y agua. Para preservar todas las propiedades de la tuber\u00eda durante su almacenamiento a altas temperaturas, la capa externa de&nbsp;OILTECHPIPE RTP&nbsp;&nbsp;se produce en&hellip;<\/p>\n","protected":false},"author":2,"featured_media":1095,"parent":56,"menu_order":0,"comment_status":"closed","ping_status":"closed","template":"","meta":{"footnotes":""},"class_list":["post-58","page","type-page","status-publish","has-post-thumbnail","hentry"],"_links":{"self":[{"href":"https:\/\/pskoiltech.com\/index.php?rest_route=\/wp\/v2\/pages\/58","targetHints":{"allow":["GET"]}}],"collection":[{"href":"https:\/\/pskoiltech.com\/index.php?rest_route=\/wp\/v2\/pages"}],"about":[{"href":"https:\/\/pskoiltech.com\/index.php?rest_route=\/wp\/v2\/types\/page"}],"author":[{"embeddable":true,"href":"https:\/\/pskoiltech.com\/index.php?rest_route=\/wp\/v2\/users\/2"}],"replies":[{"embeddable":true,"href":"https:\/\/pskoiltech.com\/index.php?rest_route=%2Fwp%2Fv2%2Fcomments&post=58"}],"version-history":[{"count":20,"href":"https:\/\/pskoiltech.com\/index.php?rest_route=\/wp\/v2\/pages\/58\/revisions"}],"predecessor-version":[{"id":1096,"href":"https:\/\/pskoiltech.com\/index.php?rest_route=\/wp\/v2\/pages\/58\/revisions\/1096"}],"up":[{"embeddable":true,"href":"https:\/\/pskoiltech.com\/index.php?rest_route=\/wp\/v2\/pages\/56"}],"wp:featuredmedia":[{"embeddable":true,"href":"https:\/\/pskoiltech.com\/index.php?rest_route=\/wp\/v2\/media\/1095"}],"wp:attachment":[{"href":"https:\/\/pskoiltech.com\/index.php?rest_route=%2Fwp%2Fv2%2Fmedia&parent=58"}],"curies":[{"name":"wp","href":"https:\/\/api.w.org\/{rel}","templated":true}]}}