{"id":67,"date":"2018-08-22T22:02:57","date_gmt":"2018-08-22T22:02:57","guid":{"rendered":"https:\/\/pskoiltech.com\/?page_id=67"},"modified":"2018-09-13T09:03:07","modified_gmt":"2018-09-13T09:03:07","slug":"producto-2","status":"publish","type":"page","link":"https:\/\/pskoiltech.com\/?page_id=67","title":{"rendered":"TUBER\u00cdA COMPUESTA REFORZADA"},"content":{"rendered":"<p><b>RCLP<\/b>\u00a0es un tubo de pol\u00edmero, reforzado con un marco de metal de acero, un marco de celos\u00eda r\u00edgido soldado de alambre. Este marco est\u00e1 rodeado por una capa de material polim\u00e9rico, que forma superficies internas y externas, el cual aumenta la resistencia de la tuber\u00eda y es evita la corrosi\u00f3n ya que est\u00e1 aislado del entorno externo por el pol\u00edmero.<\/p>\n<p><a href=\"https:\/\/fcpoiltechcolombia.com\/wp-content\/uploads\/2018\/09\/%D0%91%D0%B5%D0%B7%D1%8B%D0%BC%D1%8F%D0%BD%D0%BD%D1%8B%D0%B9.png\"><img loading=\"lazy\" decoding=\"async\" class=\"alignleft wp-image-445\" src=\"https:\/\/fcpoiltechcolombia.com\/wp-content\/uploads\/2018\/09\/%D0%91%D0%B5%D0%B7%D1%8B%D0%BC%D1%8F%D0%BD%D0%BD%D1%8B%D0%B9.png\" sizes=\"auto, (max-width: 500px) 100vw, 500px\" srcset=\"https:\/\/fcpoiltechcolombia.com\/wp-content\/uploads\/2018\/09\/\u0411\u0435\u0437\u044b\u043c\u044f\u043d\u043d\u044b\u0439.png 921w, https:\/\/fcpoiltechcolombia.com\/wp-content\/uploads\/2018\/09\/\u0411\u0435\u0437\u044b\u043c\u044f\u043d\u043d\u044b\u0439-300x141.png 300w, https:\/\/fcpoiltechcolombia.com\/wp-content\/uploads\/2018\/09\/\u0411\u0435\u0437\u044b\u043c\u044f\u043d\u043d\u044b\u0439-768x362.png 768w\" alt=\"\" width=\"500\" height=\"236\" \/><\/a><\/p>\n<p style=\"text-align: justify;\"><b>RCLP<\/b>\u00a0combina las cualidades de los tubos de metal y pol\u00edmero, donde el marco de metal r\u00edgido proporciona una resistencia similar a la de las tuber\u00edas de acero, y el pol\u00edmero proporciona sus cualidades \u00fanicas de resistencia a entornos agresivos.<\/p>\n<p style=\"text-align: justify;\"><b>RCLP<\/b>\u00a0ya ha demostrado m\u00e1s de 20 a\u00f1os de funcionamiento a una presi\u00f3n de 750 psi como tuber\u00edas interiores para el transporte de aguas profundas y productos de pozos petrol\u00edferos.<\/p>\n<p style=\"text-align: justify;\"><b>OILTECHPIPE RCLP\u00a0<\/b>se encuentra disponible en di\u00e1metros desde 3,5 pulg hasta 12 pulg. Y presiones de operaci\u00f3n hasta 750 PSI.<\/p>\n<p>La tecnolog\u00eda de producci\u00f3n\u00a0<b>RCLP<\/b>\u00a0permite cambiar las caracter\u00edsticas del producto final seg\u00fan los requisitos espec\u00edficos. Con la posibilidad de cambiar el di\u00e1metro y la forma del alambre de acero, as\u00ed como las dimensiones de la celda,\u00a0<b>RCLP<\/b>\u00a0puede soportar una presi\u00f3n mucho m\u00e1s alta.<\/p>\n<p><u><b><img loading=\"lazy\" decoding=\"async\" class=\"size-medium wp-image-449 alignright\" src=\"https:\/\/fcpoiltechcolombia.com\/wp-content\/uploads\/2018\/09\/%D0%A0%D0%B8%D1%81%D1%83%D0%BD%D0%BE%D0%BA7-292x300.jpg\" sizes=\"auto, (max-width: 292px) 100vw, 292px\" srcset=\"https:\/\/fcpoiltechcolombia.com\/wp-content\/uploads\/2018\/09\/\u0420\u0438\u0441\u0443\u043d\u043e\u043a7-292x300.jpg 292w, https:\/\/fcpoiltechcolombia.com\/wp-content\/uploads\/2018\/09\/\u0420\u0438\u0441\u0443\u043d\u043e\u043a7.jpg 545w\" alt=\"\" width=\"292\" height=\"300\" \/>VENTAJAS<\/b><\/u><u><b>:<\/b><\/u><\/p>\n<p><strong>\u221a<\/strong>\u00a0Alta resistencia a los medios agresivos.<br \/>\n<strong>\u221a<\/strong>\u00a0La longevidad del\u00a0<b>RCLP<\/b>\u00a0excede la vida \u00fatil de todos los anal\u00f3gicos.<br \/>\n<strong>\u221a<\/strong>\u00a0No requieren protecci\u00f3n cat\u00f3dica.<br \/>\n<strong>\u221a<\/strong>\u00a0No requieren protecci\u00f3n anticorrosiva.<br \/>\n<strong>\u221a<\/strong><b>\u00a0RCLP<\/b>\u00a0es tres veces m\u00e1s livianos que los tubos de acero.<br \/>\n<strong>\u221a<\/strong>\u00a0Permiten elevar la presi\u00f3n de trabajo en m\u00e1s de cuatro veces, lo que hace posible el uso de un di\u00e1metro de tubo 2-3 veces menor.<br \/>\n<strong>\u221a<\/strong>\u00a0El coeficiente de resistencia abrasiva de\u00a0<b>RCLP<\/b>\u00a0es cuatro veces mayor que el de las tuber\u00edas de acero.<\/p>\n<p>&nbsp;<\/p>\n<p><u><b>ACCESORIOS<\/b><\/u><u><b>:<\/b><\/u><\/p>\n<p>De acuerdo con una amplia variedad de las necesidades de nuestros clientes,\u00a0<b>RCLP<\/b>\u00a0ofrece diferentes tipos de juntas. Las uniones de tuber\u00eda pueden ser bridadas, soldadas o roscadas.<\/p>\n<div id='gallery-1' class='gallery galleryid-67 gallery-columns-3 gallery-size-full'><figure class='gallery-item'>\n\t\t\t<div class='gallery-icon portrait'>\n\t\t\t\t<img loading=\"lazy\" decoding=\"async\" width=\"117\" height=\"150\" src=\"https:\/\/pskoiltech.com\/wp-content\/uploads\/2018\/09\/5.jpg-e1536822878787.png\" class=\"attachment-full size-full\" alt=\"\" \/>\n\t\t\t<\/div><\/figure><figure class='gallery-item'>\n\t\t\t<div class='gallery-icon portrait'>\n\t\t\t\t<img loading=\"lazy\" decoding=\"async\" width=\"90\" height=\"150\" src=\"https:\/\/pskoiltech.com\/wp-content\/uploads\/2018\/09\/7.jpg-e1536822913387.png\" class=\"attachment-full size-full\" alt=\"\" \/>\n\t\t\t<\/div><\/figure><figure class='gallery-item'>\n\t\t\t<div class='gallery-icon portrait'>\n\t\t\t\t<img loading=\"lazy\" decoding=\"async\" width=\"88\" height=\"150\" src=\"https:\/\/pskoiltech.com\/wp-content\/uploads\/2018\/09\/6.jpg-e1536822898844.png\" class=\"attachment-full size-full\" alt=\"\" \/>\n\t\t\t<\/div><\/figure>\n\t\t<\/div>\n\n<p><u><b>Instalaci\u00f3n:<\/b><\/u><\/p>\n<p><img loading=\"lazy\" decoding=\"async\" class=\"wp-image-564 size-medium alignright\" src=\"https:\/\/fcpoiltechcolombia.com\/wp-content\/uploads\/2018\/09\/%D0%A0%D0%B8%D1%81%D1%83%D0%BD%D0%BE%D0%BA9-300x167.jpg\" sizes=\"auto, (max-width: 300px) 100vw, 300px\" srcset=\"https:\/\/fcpoiltechcolombia.com\/wp-content\/uploads\/2018\/09\/\u0420\u0438\u0441\u0443\u043d\u043e\u043a9-300x167.jpg 300w, https:\/\/fcpoiltechcolombia.com\/wp-content\/uploads\/2018\/09\/\u0420\u0438\u0441\u0443\u043d\u043e\u043a9-768x428.jpg 768w, https:\/\/fcpoiltechcolombia.com\/wp-content\/uploads\/2018\/09\/\u0420\u0438\u0441\u0443\u043d\u043e\u043a9.jpg 771w\" alt=\"\" width=\"300\" height=\"167\" \/><\/p>\n<p style=\"text-align: justify;\">En la mayor\u00eda de los casos, nuestras tuber\u00edas est\u00e1n preparadas para las conexiones de soldadura a tope, ya que esto permite la canalizaci\u00f3n m\u00e1s f\u00e1cil. El equipo est\u00e1ndar para la soldadura de tubos de pol\u00edmero se aplica y no se requieren requisitos especiales para el operador de soldadura a fin de realizar una conexi\u00f3n segura y confiable.<\/p>\n<p style=\"text-align: justify;\">Para hacer las tuber\u00edas listas para la conexi\u00f3n y proteger la estructura met\u00e1lica de la corrosi\u00f3n en el borde de la tuber\u00eda, soldamos una punta de borde especial con soldadura por fricci\u00f3n. La punta del borde es m\u00e1s gruesa que el cuerpo de la tuber\u00eda y su longitud y grosor se calculan de acuerdo con los requisitos para que la junta de la tuber\u00eda soporte la presi\u00f3n. Este conocimiento espec\u00edfico proporciona la garant\u00eda de que la conexi\u00f3n de soldadura es al menos tan fuerte como el cuerpo de la tuber\u00eda.<\/p>\n","protected":false},"excerpt":{"rendered":"<p>RCLP\u00a0es un tubo de pol\u00edmero, reforzado con un marco de metal de acero, un marco de celos\u00eda r\u00edgido soldado de alambre. Este marco est\u00e1 rodeado por una capa de material polim\u00e9rico, que forma superficies internas y externas, el cual aumenta la resistencia de la tuber\u00eda y es evita la corrosi\u00f3n ya que est\u00e1 aislado del entorno externo por el pol\u00edmero. RCLP\u00a0combina las cualidades de los tubos de metal y pol\u00edmero,&hellip;<\/p>\n","protected":false},"author":2,"featured_media":143,"parent":56,"menu_order":0,"comment_status":"closed","ping_status":"closed","template":"","meta":{"footnotes":""},"class_list":["post-67","page","type-page","status-publish","has-post-thumbnail","hentry"],"_links":{"self":[{"href":"https:\/\/pskoiltech.com\/index.php?rest_route=\/wp\/v2\/pages\/67","targetHints":{"allow":["GET"]}}],"collection":[{"href":"https:\/\/pskoiltech.com\/index.php?rest_route=\/wp\/v2\/pages"}],"about":[{"href":"https:\/\/pskoiltech.com\/index.php?rest_route=\/wp\/v2\/types\/page"}],"author":[{"embeddable":true,"href":"https:\/\/pskoiltech.com\/index.php?rest_route=\/wp\/v2\/users\/2"}],"replies":[{"embeddable":true,"href":"https:\/\/pskoiltech.com\/index.php?rest_route=%2Fwp%2Fv2%2Fcomments&post=67"}],"version-history":[{"count":7,"href":"https:\/\/pskoiltech.com\/index.php?rest_route=\/wp\/v2\/pages\/67\/revisions"}],"predecessor-version":[{"id":243,"href":"https:\/\/pskoiltech.com\/index.php?rest_route=\/wp\/v2\/pages\/67\/revisions\/243"}],"up":[{"embeddable":true,"href":"https:\/\/pskoiltech.com\/index.php?rest_route=\/wp\/v2\/pages\/56"}],"wp:featuredmedia":[{"embeddable":true,"href":"https:\/\/pskoiltech.com\/index.php?rest_route=\/wp\/v2\/media\/143"}],"wp:attachment":[{"href":"https:\/\/pskoiltech.com\/index.php?rest_route=%2Fwp%2Fv2%2Fmedia&parent=67"}],"curies":[{"name":"wp","href":"https:\/\/api.w.org\/{rel}","templated":true}]}}