{"id":719,"date":"2020-07-30T12:03:01","date_gmt":"2020-07-30T12:03:01","guid":{"rendered":"https:\/\/pskoiltech.com\/?page_id=719"},"modified":"2020-08-12T09:04:42","modified_gmt":"2020-08-12T09:04:42","slug":"productos-copy-copy-2-copy-2-copy-copy-copy","status":"publish","type":"page","link":"https:\/\/pskoiltech.com\/?page_id=719","title":{"rendered":"BOMBAS DE CAVIDAD PROGRESIVA\u200b"},"content":{"rendered":"<div id=\"pl-719\"  class=\"panel-layout\" ><div id=\"pg-719-0\"  class=\"panel-grid panel-no-style\" ><div id=\"pgc-719-0-0\"  class=\"panel-grid-cell panel-grid-cell-empty\" ><\/div><div id=\"pgc-719-0-1\"  class=\"panel-grid-cell panel-grid-cell-mobile-last\" ><div id=\"panel-719-0-1-0\" class=\"so-panel widget widget_media_image panel-first-child panel-last-child\" data-index=\"0\" ><img loading=\"lazy\" decoding=\"async\" width=\"576\" height=\"263\" src=\"https:\/\/pskoiltech.com\/wp-content\/uploads\/2020\/07\/PAGINA-WEB-1-53-e1596111399399.png\" class=\"image wp-image-720  attachment-full size-full\" alt=\"\" style=\"max-width: 100%; height: auto;\" srcset=\"https:\/\/pskoiltech.com\/wp-content\/uploads\/2020\/07\/PAGINA-WEB-1-53-e1596111399399.png 576w, https:\/\/pskoiltech.com\/wp-content\/uploads\/2020\/07\/PAGINA-WEB-1-53-e1596111399399-300x137.png 300w\" sizes=\"auto, (max-width: 576px) 100vw, 576px\" \/><\/div><\/div><div id=\"pgc-719-0-2\"  class=\"panel-grid-cell panel-grid-cell-empty\" ><\/div><\/div><div id=\"pg-719-1\"  class=\"panel-grid panel-no-style\" ><div id=\"pgc-719-1-0\"  class=\"panel-grid-cell\" ><div id=\"panel-719-1-0-0\" class=\"so-panel widget widget_sow-editor panel-first-child panel-last-child\" data-index=\"1\" ><div\n\t\t\t\n\t\t\tclass=\"so-widget-sow-editor so-widget-sow-editor-base\"\n\t\t\t\n\t\t>\n<div class=\"siteorigin-widget-tinymce textwidget\">\n\t<p style=\"text-align: left;\" data-ccp-props=\"{&quot;335551550&quot;:6,&quot;335551620&quot;:6,&quot;335559683&quot;:0,&quot;335559685&quot;:0,&quot;335559731&quot;:0,&quot;335559737&quot;:0,&quot;335562764&quot;:2,&quot;335562765&quot;:1,&quot;335562766&quot;:4,&quot;335562767&quot;:0,&quot;335562768&quot;:4,&quot;335562769&quot;:0}\"><span data-usefontface=\"true\" data-contrast=\"none\">El principio de funcionamiento de la bomba de cavidad progresiva\u00a0<\/span><span data-usefontface=\"true\" data-contrast=\"none\">(BCP) es un rotor helicoidal de acero con perfil circular que gira dentro\u00a0<\/span><span data-usefontface=\"true\" data-contrast=\"none\">de un estator con el doble de inclinaci\u00f3n, que est\u00e1 hecho de un\u00a0<\/span><span data-usefontface=\"true\" data-contrast=\"none\">elast\u00f3mero, normalmente vulcanizado dentro de una carcasa de\u00a0<\/span><span data-usefontface=\"true\" data-contrast=\"none\">acero al carbono.<\/span>\u200b<\/p>\n<p style=\"text-align: left;\" data-ccp-props=\"{&quot;335551550&quot;:6,&quot;335551620&quot;:6,&quot;335559683&quot;:0,&quot;335559685&quot;:0,&quot;335559731&quot;:0,&quot;335559737&quot;:0,&quot;335562764&quot;:2,&quot;335562765&quot;:1,&quot;335562766&quot;:4,&quot;335562767&quot;:0,&quot;335562768&quot;:4,&quot;335562769&quot;:0}\"><span data-usefontface=\"true\" data-contrast=\"none\">Dependiendo de la geometr\u00eda del rotor y el estator, se forman\u00a0<\/span><span data-usefontface=\"true\" data-contrast=\"none\">cavidades selladas entre la succi\u00f3n y la descarga. La apertura y cierre\u00a0<\/span><span data-usefontface=\"true\" data-contrast=\"none\">de estas cavidades crea una depresi\u00f3n en la boquilla de succi\u00f3n, lo\u00a0<\/span><span data-usefontface=\"true\" data-contrast=\"none\">que hace que el fluido se succione y desarrolle un flujo volum\u00e9trico\u00a0<\/span><span data-usefontface=\"true\" data-contrast=\"none\">directamente proporcional a su rotaci\u00f3n.<\/span>\u200b<\/p>\n<p style=\"text-align: left;\" data-ccp-props=\"{&quot;335551550&quot;:6,&quot;335551620&quot;:6,&quot;335559683&quot;:0,&quot;335559685&quot;:0,&quot;335559731&quot;:0,&quot;335559737&quot;:0,&quot;335562764&quot;:2,&quot;335562765&quot;:1,&quot;335562766&quot;:4,&quot;335562767&quot;:0,&quot;335562768&quot;:4,&quot;335562769&quot;:0}\"><span data-usefontface=\"true\" data-contrast=\"none\">Las bombas de cavidad progresiva tienen muchas ventajas. \u00c9stos son\u00a0<\/span><span data-usefontface=\"true\" data-contrast=\"none\">algunos de ellos:<\/span>\u200b<\/p>\n<p><span data-usefontface=\"true\" data-contrast=\"none\"><b>\u2022 <\/b>La bomba de cavidad progresiva puede funcionar con\u00a0<\/span><span data-usefontface=\"true\" data-contrast=\"none\">una presi\u00f3n de succi\u00f3n mucho m\u00e1s baja que las bombas\u00a0<\/span><span data-usefontface=\"true\" data-contrast=\"none\">de varilla. Como resultado, la columna del pozo requiere\u00a0<\/span><span data-usefontface=\"true\" data-contrast=\"none\">menos fluido para alimentar la bomba. Bajo presi\u00f3n de\u00a0<\/span><span data-usefontface=\"true\" data-contrast=\"none\">succi\u00f3n atmosf\u00e9rica, puede funcionar con el nivel de\u00a0<\/span><span data-usefontface=\"true\" data-contrast=\"none\">fluido del pozo cerca de la entrada de succi\u00f3n de la\u00a0<\/span><span data-usefontface=\"true\" data-contrast=\"none\">bomba sin afectar su rendimiento. Esto permite\u00a0<\/span><span data-usefontface=\"true\" data-contrast=\"none\">aumentar la producci\u00f3n del pozo hasta el nivel m\u00e1ximo\u00a0<\/span><span data-usefontface=\"true\" data-contrast=\"none\">de fluido disponible.<\/span>\u200b<\/p>\n<p><span data-usefontface=\"true\" data-contrast=\"none\"><b>\u2022 <\/b>Las bombas PCP no requieren un calentador, incluso\u00a0<\/span><span data-usefontface=\"true\" data-contrast=\"none\">cuando se bombean aceites de alta viscosidad.<\/span>\u200b<\/p>\n<p><span data-usefontface=\"true\" data-contrast=\"none\"><b>\u2022 <\/b>Bombas de aceite y agua con s\u00f3lidos.<\/span>\u200b<\/p>\n<p><span data-usefontface=\"true\" data-contrast=\"none\"><b>\u2022 <\/b>No hay v\u00e1lvulas internas que obstruyan o bloqueen el\u00a0<\/span><span data-usefontface=\"true\" data-contrast=\"none\">gas.<\/span>\u200b<\/p>\n<p><span data-usefontface=\"true\" data-contrast=\"none\"><b>\u2022 <\/b>La operaci\u00f3n continua y suave ayuda a prevenir y\u00a0<\/span><span data-usefontface=\"true\" data-contrast=\"none\">controlar la producci\u00f3n de Residuos no deseados de\u00a0<\/span><span data-usefontface=\"true\" data-contrast=\"none\">fluidos y part\u00edculas.<\/span>\u200b<\/p>\n<p><span data-usefontface=\"true\" data-contrast=\"none\">M\u00ednimos costos de mantenimiento.<\/span>\u200b<\/p>\n<\/div>\n<\/div><\/div><\/div><\/div><div id=\"pg-719-2\"  class=\"panel-grid panel-no-style\" ><div id=\"pgc-719-2-0\"  class=\"panel-grid-cell panel-grid-cell-empty\" ><\/div><div id=\"pgc-719-2-1\"  class=\"panel-grid-cell panel-grid-cell-mobile-last\" ><div id=\"panel-719-2-1-0\" class=\"so-panel widget widget_media_image panel-first-child panel-last-child\" data-index=\"2\" ><img loading=\"lazy\" decoding=\"async\" width=\"785\" height=\"184\" src=\"https:\/\/pskoiltech.com\/wp-content\/uploads\/2020\/07\/PAGINA-WEB-1-54-e1596110911548.png\" class=\"image wp-image-728  attachment-full size-full\" alt=\"\" style=\"max-width: 100%; height: auto;\" srcset=\"https:\/\/pskoiltech.com\/wp-content\/uploads\/2020\/07\/PAGINA-WEB-1-54-e1596110911548.png 785w, https:\/\/pskoiltech.com\/wp-content\/uploads\/2020\/07\/PAGINA-WEB-1-54-e1596110911548-300x70.png 300w, https:\/\/pskoiltech.com\/wp-content\/uploads\/2020\/07\/PAGINA-WEB-1-54-e1596110911548-768x180.png 768w\" sizes=\"auto, (max-width: 785px) 100vw, 785px\" \/><\/div><\/div><div id=\"pgc-719-2-2\"  class=\"panel-grid-cell panel-grid-cell-empty\" ><\/div><\/div><div id=\"pg-719-3\"  class=\"panel-grid panel-no-style\" ><div id=\"pgc-719-3-0\"  class=\"panel-grid-cell panel-grid-cell-empty\" ><\/div><div id=\"pgc-719-3-1\"  class=\"panel-grid-cell panel-grid-cell-mobile-last\" ><div id=\"panel-719-3-1-0\" class=\"so-panel widget widget_sow-editor panel-first-child panel-last-child\" data-index=\"3\" ><div class=\"panel-widget-style panel-widget-style-for-719-3-1-0\" ><div\n\t\t\t\n\t\t\tclass=\"so-widget-sow-editor so-widget-sow-editor-base\"\n\t\t\t\n\t\t>\n<div class=\"siteorigin-widget-tinymce textwidget\">\n\t<p style=\"text-align: center;\"><strong><span class=\"TextRun BCX0 SCXP225001764\" lang=\"ES-ES\" xml:lang=\"ES-ES\" data-scheme-color=\"@FF0000,,\" data-usefontface=\"true\" data-contrast=\"none\"><span class=\"NormalTextRun BCX0 SCXP225001764\">Catalogo BCP (PDF)\u00a0<\/span><\/span><\/strong><\/p>\n<\/div>\n<\/div><\/div><\/div><\/div><div id=\"pgc-719-3-2\"  class=\"panel-grid-cell panel-grid-cell-empty\" ><\/div><\/div><\/div>","protected":false},"excerpt":{"rendered":"<p>El principio de funcionamiento de la bomba de cavidad progresiva\u00a0(BCP) es un rotor helicoidal de acero con perfil circular que gira dentro\u00a0de un estator con el doble de inclinaci\u00f3n, que est\u00e1 hecho de un\u00a0elast\u00f3mero, normalmente vulcanizado dentro de una carcasa de\u00a0acero al carbono.\u200b Dependiendo de la geometr\u00eda del rotor y el estator, se forman\u00a0cavidades selladas entre la succi\u00f3n y la descarga. La apertura y cierre\u00a0de estas cavidades crea una depresi\u00f3n&hellip;<\/p>\n","protected":false},"author":2,"featured_media":0,"parent":0,"menu_order":0,"comment_status":"closed","ping_status":"closed","template":"","meta":{"footnotes":""},"class_list":["post-719","page","type-page","status-publish","hentry"],"_links":{"self":[{"href":"https:\/\/pskoiltech.com\/index.php?rest_route=\/wp\/v2\/pages\/719","targetHints":{"allow":["GET"]}}],"collection":[{"href":"https:\/\/pskoiltech.com\/index.php?rest_route=\/wp\/v2\/pages"}],"about":[{"href":"https:\/\/pskoiltech.com\/index.php?rest_route=\/wp\/v2\/types\/page"}],"author":[{"embeddable":true,"href":"https:\/\/pskoiltech.com\/index.php?rest_route=\/wp\/v2\/users\/2"}],"replies":[{"embeddable":true,"href":"https:\/\/pskoiltech.com\/index.php?rest_route=%2Fwp%2Fv2%2Fcomments&post=719"}],"version-history":[{"count":53,"href":"https:\/\/pskoiltech.com\/index.php?rest_route=\/wp\/v2\/pages\/719\/revisions"}],"predecessor-version":[{"id":1176,"href":"https:\/\/pskoiltech.com\/index.php?rest_route=\/wp\/v2\/pages\/719\/revisions\/1176"}],"wp:attachment":[{"href":"https:\/\/pskoiltech.com\/index.php?rest_route=%2Fwp%2Fv2%2Fmedia&parent=719"}],"curies":[{"name":"wp","href":"https:\/\/api.w.org\/{rel}","templated":true}]}}