{"id":753,"date":"2020-07-30T13:26:57","date_gmt":"2020-07-30T13:26:57","guid":{"rendered":"https:\/\/pskoiltech.com\/?page_id=753"},"modified":"2020-08-12T09:05:16","modified_gmt":"2020-08-12T09:05:16","slug":"productos-copy-copy-2-copy-2-copy-copy-copy-copy","status":"publish","type":"page","link":"https:\/\/pskoiltech.com\/?page_id=753","title":{"rendered":"CABEZALES DE ROTACI\u00d3N"},"content":{"rendered":"<div id=\"pl-753\"  class=\"panel-layout\" ><div id=\"pg-753-0\"  class=\"panel-grid panel-no-style\" ><div id=\"pgc-753-0-0\"  class=\"panel-grid-cell\" ><div id=\"panel-753-0-0-0\" class=\"so-panel widget widget_sow-editor panel-first-child panel-last-child\" data-index=\"0\" ><div\n\t\t\t\n\t\t\tclass=\"so-widget-sow-editor so-widget-sow-editor-base\"\n\t\t\t\n\t\t>\n<div class=\"siteorigin-widget-tinymce textwidget\">\n\t<p data-ccp-props=\"{&quot;335551550&quot;:6,&quot;335551620&quot;:6,&quot;335559683&quot;:0,&quot;335559685&quot;:0,&quot;335559731&quot;:0,&quot;335559737&quot;:0,&quot;335562764&quot;:2,&quot;335562765&quot;:1,&quot;335562766&quot;:4,&quot;335562767&quot;:0,&quot;335562768&quot;:4,&quot;335562769&quot;:0}\"><span data-usefontface=\"true\" data-contrast=\"none\">Ventajas principales del motor de accionamiento de cabeza de\u00a0<\/span><span data-usefontface=\"true\" data-contrast=\"none\">pozo:<\/span>\u200b<\/p>\n<p><span data-usefontface=\"true\" data-contrast=\"none\"><b>\u2022 <\/b>El motor impulsor de la cabeza de pozo PCP est\u00e1 conectado\u00a0<\/span><span data-usefontface=\"true\" data-contrast=\"none\">directamente a la cabeza del pozo, eliminando la base de\u00a0<\/span><span data-usefontface=\"true\" data-contrast=\"none\">concreto requerida por algunos otros sistemas de bombeo.<\/span>\u200b<\/p>\n<p><span data-usefontface=\"true\" data-contrast=\"none\"><b>\u2022 <\/b>El espacio requerido para la instalaci\u00f3n en el pozo es mucho\u00a0<\/span><span data-usefontface=\"true\" data-contrast=\"none\">m\u00e1s peque\u00f1o y m\u00e1s bajo que muchos otros sistemas de\u00a0<\/span><span data-usefontface=\"true\" data-contrast=\"none\">elevaci\u00f3n artificial.<\/span>\u200b<\/p>\n<p><span data-usefontface=\"true\" data-contrast=\"none\"><b>\u2022 <\/b>A diferencia de otros sistemas de bombeo, el sistema PCP tiene\u00a0<\/span><span data-usefontface=\"true\" data-contrast=\"none\">un riesgo mucho menor de accidente si las personas o los\u00a0<\/span><span data-usefontface=\"true\" data-contrast=\"none\">animales se acercan a la boca del pozo.<\/span>\u200b<\/p>\n<p><span data-usefontface=\"true\" data-contrast=\"none\"><b>\u2022 <\/b>La brida API permite la conexi\u00f3n directa sin adaptadores al\u00a0<\/span><span data-usefontface=\"true\" data-contrast=\"none\">cambiar de otros sistemas al sistema PCP.<\/span>\u200b<\/p>\n<p><span data-usefontface=\"true\" data-contrast=\"none\"><b>\u2022 <\/b>El dise\u00f1o simple minimiza el mantenimiento y requiere poca\u00a0<\/span><span data-usefontface=\"true\" data-contrast=\"none\">lubricaci\u00f3n.<\/span>\u200b<\/p>\n<p><span data-usefontface=\"true\" data-contrast=\"none\"><b>\u2022 <\/b>El sistema de rodamientos del motor de accionamiento de\u00a0<\/span><span data-usefontface=\"true\" data-contrast=\"none\">cabeza de pozo PCP proporciona una vibraci\u00f3n m\u00ednima.<\/span>\u200b<\/p>\n<p><span data-usefontface=\"true\" data-contrast=\"none\"><b>\u2022 <\/b>Se puede ajustar f\u00e1cilmente a las tasas de producci\u00f3n o al\u00a0<\/span><span data-usefontface=\"true\" data-contrast=\"none\">cambio de rotaciones mediante un proceso mec\u00e1nico o con\u00a0<\/span><span data-usefontface=\"true\" data-contrast=\"none\">controladores de velocidad (o con un simple cambio de\u00a0<\/span><span data-usefontface=\"true\" data-contrast=\"none\">aceleraci\u00f3n si se utilizan motores de combusti\u00f3n interna).<\/span>\u200b<\/p>\n<p><span data-usefontface=\"true\" data-contrast=\"none\"><b>\u2022 <\/b>Equipado con dispositivo de seguridad para evitar que\u00a0<\/span><span data-usefontface=\"true\" data-contrast=\"none\">la barra pulida se expulse.<\/span>\u200b<\/p>\n<p><span data-usefontface=\"true\" data-contrast=\"none\"><b>\u2022 <\/b>Sistema de freno hidrodin\u00e1mico para la liberaci\u00f3n\u00a0<\/span><span data-usefontface=\"true\" data-contrast=\"none\">controlada autom\u00e1tica y segura de la energ\u00eda\u00a0<\/span><span data-usefontface=\"true\" data-contrast=\"none\">almacenada en la cuerda de la barra (<\/span><span data-usefontface=\"true\" data-contrast=\"none\">backspin<\/span><span data-usefontface=\"true\" data-contrast=\"none\">).<\/span>\u200b<\/p>\n<p><span data-usefontface=\"true\" data-contrast=\"none\"><b>\u2022 <\/b>Seguro contra fugas y fallas mec\u00e1nicas.<\/span>\u200b<\/p>\n<\/div>\n<\/div><\/div><\/div><\/div><div id=\"pg-753-1\"  class=\"panel-grid panel-no-style\" ><div id=\"pgc-753-1-0\"  class=\"panel-grid-cell panel-grid-cell-empty\" ><\/div><div id=\"pgc-753-1-1\"  class=\"panel-grid-cell\" ><div id=\"panel-753-1-1-0\" class=\"so-panel widget widget_media_image panel-first-child panel-last-child\" data-index=\"1\" ><img loading=\"lazy\" decoding=\"async\" width=\"407\" height=\"509\" src=\"https:\/\/pskoiltech.com\/wp-content\/uploads\/2020\/07\/PAGINA-WEB-1-57.png\" class=\"image wp-image-757  attachment-full size-full\" alt=\"\" style=\"max-width: 100%; height: auto;\" srcset=\"https:\/\/pskoiltech.com\/wp-content\/uploads\/2020\/07\/PAGINA-WEB-1-57.png 407w, https:\/\/pskoiltech.com\/wp-content\/uploads\/2020\/07\/PAGINA-WEB-1-57-240x300.png 240w\" sizes=\"auto, (max-width: 407px) 100vw, 407px\" \/><\/div><\/div><div id=\"pgc-753-1-2\"  class=\"panel-grid-cell panel-grid-cell-mobile-last\" ><div id=\"panel-753-1-2-0\" class=\"so-panel widget widget_media_image panel-first-child panel-last-child\" data-index=\"2\" ><img loading=\"lazy\" decoding=\"async\" width=\"210\" height=\"513\" src=\"https:\/\/pskoiltech.com\/wp-content\/uploads\/2020\/07\/PAGINA-WEB-1-58.png\" class=\"image wp-image-758  attachment-full size-full\" alt=\"\" style=\"max-width: 100%; height: auto;\" srcset=\"https:\/\/pskoiltech.com\/wp-content\/uploads\/2020\/07\/PAGINA-WEB-1-58.png 210w, https:\/\/pskoiltech.com\/wp-content\/uploads\/2020\/07\/PAGINA-WEB-1-58-123x300.png 123w\" sizes=\"auto, (max-width: 210px) 100vw, 210px\" \/><\/div><\/div><div id=\"pgc-753-1-3\"  class=\"panel-grid-cell panel-grid-cell-empty\" ><\/div><\/div><div id=\"pg-753-2\"  class=\"panel-grid panel-no-style\" ><div id=\"pgc-753-2-0\"  class=\"panel-grid-cell panel-grid-cell-empty\" ><\/div><div id=\"pgc-753-2-1\"  class=\"panel-grid-cell panel-grid-cell-mobile-last\" ><div id=\"panel-753-2-1-0\" class=\"so-panel widget widget_sow-editor panel-first-child panel-last-child\" data-index=\"3\" ><div class=\"panel-widget-style panel-widget-style-for-753-2-1-0\" ><div\n\t\t\t\n\t\t\tclass=\"so-widget-sow-editor so-widget-sow-editor-base\"\n\t\t\t\n\t\t>\n<div class=\"siteorigin-widget-tinymce textwidget\">\n\t<p style=\"text-align: center;\"><strong><span class=\"TextRun SCXP264293392 BCX0\" lang=\"ES-ES\" xml:lang=\"ES-ES\" data-scheme-color=\"@FF0000,,\" data-usefontface=\"true\" data-contrast=\"none\"><span class=\"NormalTextRun SCXP264293392 BCX0\">Catalogo CABEZALES DE ROTACI\u00d3N (PDF) <\/span><\/span><\/strong><span class=\"EOP SCXP264293392 BCX0\">\u200b<\/span><\/p>\n<\/div>\n<\/div><\/div><\/div><\/div><div id=\"pgc-753-2-2\"  class=\"panel-grid-cell panel-grid-cell-empty\" ><\/div><\/div><\/div>","protected":false},"excerpt":{"rendered":"<p>Ventajas principales del motor de accionamiento de cabeza de\u00a0pozo:\u200b \u2022 El motor impulsor de la cabeza de pozo PCP est\u00e1 conectado\u00a0directamente a la cabeza del pozo, eliminando la base de\u00a0concreto requerida por algunos otros sistemas de bombeo.\u200b \u2022 El espacio requerido para la instalaci\u00f3n en el pozo es mucho\u00a0m\u00e1s peque\u00f1o y m\u00e1s bajo que muchos otros sistemas de\u00a0elevaci\u00f3n artificial.\u200b \u2022 A diferencia de otros sistemas de bombeo, el sistema PCP&hellip;<\/p>\n","protected":false},"author":2,"featured_media":0,"parent":0,"menu_order":0,"comment_status":"closed","ping_status":"closed","template":"","meta":{"footnotes":""},"class_list":["post-753","page","type-page","status-publish","hentry"],"_links":{"self":[{"href":"https:\/\/pskoiltech.com\/index.php?rest_route=\/wp\/v2\/pages\/753","targetHints":{"allow":["GET"]}}],"collection":[{"href":"https:\/\/pskoiltech.com\/index.php?rest_route=\/wp\/v2\/pages"}],"about":[{"href":"https:\/\/pskoiltech.com\/index.php?rest_route=\/wp\/v2\/types\/page"}],"author":[{"embeddable":true,"href":"https:\/\/pskoiltech.com\/index.php?rest_route=\/wp\/v2\/users\/2"}],"replies":[{"embeddable":true,"href":"https:\/\/pskoiltech.com\/index.php?rest_route=%2Fwp%2Fv2%2Fcomments&post=753"}],"version-history":[{"count":25,"href":"https:\/\/pskoiltech.com\/index.php?rest_route=\/wp\/v2\/pages\/753\/revisions"}],"predecessor-version":[{"id":1178,"href":"https:\/\/pskoiltech.com\/index.php?rest_route=\/wp\/v2\/pages\/753\/revisions\/1178"}],"wp:attachment":[{"href":"https:\/\/pskoiltech.com\/index.php?rest_route=%2Fwp%2Fv2%2Fmedia&parent=753"}],"curies":[{"name":"wp","href":"https:\/\/api.w.org\/{rel}","templated":true}]}}