{"id":856,"date":"2020-08-03T10:55:10","date_gmt":"2020-08-03T10:55:10","guid":{"rendered":"https:\/\/pskoiltech.com\/?page_id=856"},"modified":"2020-08-12T09:08:05","modified_gmt":"2020-08-12T09:08:05","slug":"productos-copy-copy-2-copy-2-copy-copy-copy-copy-copy-copy-2-copy","status":"publish","type":"page","link":"https:\/\/pskoiltech.com\/?page_id=856","title":{"rendered":"REVESTIMIENTOS POLIM\u00c9RICOS\u200b"},"content":{"rendered":"<div id=\"pl-856\"  class=\"panel-layout\" ><div id=\"pg-856-0\"  class=\"panel-grid panel-no-style\" ><div id=\"pgc-856-0-0\"  class=\"panel-grid-cell\" ><div id=\"panel-856-0-0-0\" class=\"so-panel widget widget_sow-editor panel-first-child panel-last-child\" data-index=\"0\" ><div\n\t\t\t\n\t\t\tclass=\"so-widget-sow-editor so-widget-sow-editor-base\"\n\t\t\t\n\t\t>\n<div class=\"siteorigin-widget-tinymce textwidget\">\n\t<p data-ccp-props=\"{&quot;335551550&quot;:6,&quot;335551620&quot;:6,&quot;335559683&quot;:0,&quot;335559685&quot;:20,&quot;335559731&quot;:208,&quot;335559737&quot;:155,&quot;335562764&quot;:2,&quot;335562765&quot;:0.996,&quot;335562766&quot;:4,&quot;335562767&quot;:1.1,&quot;335562768&quot;:4,&quot;335562769&quot;:0}\"><span data-usefontface=\"true\" data-contrast=\"none\">Debido al desarrollo continuo e innovador de nuestros sistemas de\u00a0<\/span><span data-usefontface=\"true\" data-contrast=\"none\">recubrimiento sin solvente, ofrecemos una gama de productos\u00a0<\/span><span data-usefontface=\"true\" data-contrast=\"none\">extremadamente vers\u00e1til. Adem\u00e1s, establecemos est\u00e1ndares con nuestros\u00a0<\/span><span data-usefontface=\"true\" data-contrast=\"none\">eficaces sistemas internos de recubrimiento de\u00a0 tanques para productos\u00a0<\/span><span data-usefontface=\"true\" data-contrast=\"none\">qu\u00edmicos agresivos. Los recubrimientos se pueden usar f\u00e1cilmente: se aplican\u00a0<\/span><span data-usefontface=\"true\" data-contrast=\"none\">directamente por m\u00e9todos de pulverizaci\u00f3n sin aire sobre diferentes sustratos\u00a0<\/span><span data-usefontface=\"true\" data-contrast=\"none\">como acero, acero inoxidable, aluminio, concreto, CFK y GFK.\u00a0<\/span>\u200b<\/p>\n<p data-ccp-props=\"{&quot;335551550&quot;:6,&quot;335551620&quot;:6,&quot;335559683&quot;:0,&quot;335559685&quot;:20,&quot;335559731&quot;:208,&quot;335559737&quot;:155,&quot;335562764&quot;:2,&quot;335562765&quot;:0.996,&quot;335562766&quot;:4,&quot;335562767&quot;:1.1,&quot;335562768&quot;:4,&quot;335562769&quot;:0}\">\u200b<span data-usefontface=\"true\" data-contrast=\"none\">Tenemos soluciones de revestimiento innovadoras: un esfuerzo constante\u00a0<\/span><span data-usefontface=\"true\" data-contrast=\"none\">hacia nuevos desarrollos de nuestros productos es una parte importante de\u00a0<\/span><span data-usefontface=\"true\" data-contrast=\"none\">la filosof\u00eda de nuestra empresa. Los certificados y resultados de extensas series\u00a0<\/span><span data-usefontface=\"true\" data-contrast=\"none\">de pruebas de institutos de investigaci\u00f3n independientes demuestran la\u00a0<\/span><span data-usefontface=\"true\" data-contrast=\"none\">superioridad y calidad de los sistemas de recubrimiento Tekcoat<\/span>\u200b<\/p>\n<p data-ccp-props=\"{&quot;335551550&quot;:6,&quot;335551620&quot;:6,&quot;335559683&quot;:0,&quot;335559685&quot;:20,&quot;335559731&quot;:208,&quot;335559737&quot;:155,&quot;335562764&quot;:2,&quot;335562765&quot;:0.996,&quot;335562766&quot;:4,&quot;335562767&quot;:1.1,&quot;335562768&quot;:4,&quot;335562769&quot;:0}\">\u200b<span data-usefontface=\"true\" data-contrast=\"none\">Alcance ilimitado para la m\u00e1xima protecci\u00f3n contra la corrosi\u00f3n. Los\u00a0<\/span><span data-usefontface=\"true\" data-contrast=\"none\">sistemas de recubrimiento de alto rendimiento satisfacen requisitos\u00a0<\/span><span data-usefontface=\"true\" data-contrast=\"none\">complejos y muestran una versatilidad extrema en su campo de aplicaci\u00f3n.<\/span>\u200b<\/p>\n<p style=\"text-align: center;\" data-ccp-props=\"{&quot;335551550&quot;:2,&quot;335551620&quot;:2,&quot;335559683&quot;:0,&quot;335559685&quot;:20,&quot;335559731&quot;:208,&quot;335559737&quot;:155,&quot;335562764&quot;:2,&quot;335562765&quot;:0.996,&quot;335562766&quot;:4,&quot;335562767&quot;:1.1,&quot;335562768&quot;:4,&quot;335562769&quot;:0}\"><b><span data-usefontface=\"true\" data-contrast=\"none\">APLICACIONES<\/span><\/b>\u200b<\/p>\n<p><span data-usefontface=\"true\" data-contrast=\"none\"><b>\u2022 <\/b>Construcciones de acero<\/span>\u200b<\/p>\n<p><span data-usefontface=\"true\" data-contrast=\"none\"><b>\u2022 <\/b>Tanques de almacenamiento\u00a0<\/span>\u200b<\/p>\n<p><span data-usefontface=\"true\" data-contrast=\"none\"><b>\u2022 <\/b>Plataformas petroleras<\/span>\u200b<\/p>\n<p><span data-usefontface=\"true\" data-contrast=\"none\"><b>\u2022 <\/b>L\u00edneas de flujo de agua, gas y petr\u00f3leo.<\/span>\u200b<\/p>\n<p><span data-usefontface=\"true\" data-contrast=\"none\"><b>\u2022 <\/b>Tanques costa afuera<\/span>\u200b<\/p>\n<p><span data-usefontface=\"true\" data-contrast=\"none\"><b>\u2022 <\/b>Industria qu\u00edmica.<\/span>\u200b<\/p>\n<\/div>\n<\/div><\/div><\/div><\/div><div id=\"pg-856-1\"  class=\"panel-grid panel-no-style\" ><div id=\"pgc-856-1-0\"  class=\"panel-grid-cell panel-grid-cell-empty\" ><\/div><div id=\"pgc-856-1-1\"  class=\"panel-grid-cell\" ><div id=\"panel-856-1-1-0\" class=\"so-panel widget widget_media_image panel-first-child\" data-index=\"1\" ><img loading=\"lazy\" decoding=\"async\" width=\"300\" height=\"283\" src=\"https:\/\/pskoiltech.com\/wp-content\/uploads\/2020\/08\/PAGINA-WEB-1-81-300x283.png\" class=\"image wp-image-858  attachment-medium size-medium\" alt=\"\" style=\"max-width: 100%; height: auto;\" srcset=\"https:\/\/pskoiltech.com\/wp-content\/uploads\/2020\/08\/PAGINA-WEB-1-81-300x283.png 300w, https:\/\/pskoiltech.com\/wp-content\/uploads\/2020\/08\/PAGINA-WEB-1-81.png 443w\" sizes=\"auto, (max-width: 300px) 100vw, 300px\" \/><\/div><div id=\"panel-856-1-1-1\" class=\"so-panel widget widget_media_image panel-last-child\" data-index=\"2\" ><img loading=\"lazy\" decoding=\"async\" width=\"300\" height=\"222\" src=\"https:\/\/pskoiltech.com\/wp-content\/uploads\/2020\/08\/PAGINA-WEB-1-83-300x222.png\" class=\"image wp-image-860  attachment-medium size-medium\" alt=\"\" style=\"max-width: 100%; height: auto;\" srcset=\"https:\/\/pskoiltech.com\/wp-content\/uploads\/2020\/08\/PAGINA-WEB-1-83-300x222.png 300w, https:\/\/pskoiltech.com\/wp-content\/uploads\/2020\/08\/PAGINA-WEB-1-83.png 479w\" sizes=\"auto, (max-width: 300px) 100vw, 300px\" \/><\/div><\/div><div id=\"pgc-856-1-2\"  class=\"panel-grid-cell panel-grid-cell-mobile-last\" ><div id=\"panel-856-1-2-0\" class=\"so-panel widget widget_media_image panel-first-child\" data-index=\"3\" ><img loading=\"lazy\" decoding=\"async\" width=\"300\" height=\"240\" src=\"https:\/\/pskoiltech.com\/wp-content\/uploads\/2020\/08\/PAGINA-WEB-1-82-300x240.png\" class=\"image wp-image-859  attachment-medium size-medium\" alt=\"\" style=\"max-width: 100%; height: auto;\" srcset=\"https:\/\/pskoiltech.com\/wp-content\/uploads\/2020\/08\/PAGINA-WEB-1-82-300x240.png 300w, https:\/\/pskoiltech.com\/wp-content\/uploads\/2020\/08\/PAGINA-WEB-1-82.png 408w\" sizes=\"auto, (max-width: 300px) 100vw, 300px\" \/><\/div><div id=\"panel-856-1-2-1\" class=\"so-panel widget widget_media_image panel-last-child\" data-index=\"4\" ><img loading=\"lazy\" decoding=\"async\" width=\"300\" height=\"240\" src=\"https:\/\/pskoiltech.com\/wp-content\/uploads\/2020\/08\/PAGINA-WEB-1-84-300x240.png\" class=\"image wp-image-861  attachment-medium size-medium\" alt=\"\" style=\"max-width: 100%; height: auto;\" srcset=\"https:\/\/pskoiltech.com\/wp-content\/uploads\/2020\/08\/PAGINA-WEB-1-84-300x240.png 300w, https:\/\/pskoiltech.com\/wp-content\/uploads\/2020\/08\/PAGINA-WEB-1-84.png 414w\" sizes=\"auto, (max-width: 300px) 100vw, 300px\" \/><\/div><\/div><div id=\"pgc-856-1-3\"  class=\"panel-grid-cell panel-grid-cell-empty\" ><\/div><\/div><div id=\"pg-856-2\"  class=\"panel-grid panel-no-style\" ><div id=\"pgc-856-2-0\"  class=\"panel-grid-cell panel-grid-cell-empty\" ><\/div><div id=\"pgc-856-2-1\"  class=\"panel-grid-cell panel-grid-cell-mobile-last\" ><div id=\"panel-856-2-1-0\" class=\"so-panel widget widget_sow-editor panel-first-child panel-last-child\" data-index=\"5\" ><div class=\"panel-widget-style panel-widget-style-for-856-2-1-0\" ><div\n\t\t\t\n\t\t\tclass=\"so-widget-sow-editor so-widget-sow-editor-base\"\n\t\t\t\n\t\t>\n<div class=\"siteorigin-widget-tinymce textwidget\">\n\t<p style=\"text-align: center;\"><strong><span class=\"TextRun SCXP51005135 BCX0\" lang=\"ES-ES\" xml:lang=\"ES-ES\" data-scheme-color=\"@FF0000,,\" data-usefontface=\"true\" data-contrast=\"none\"><span class=\"NormalTextRun SCXP51005135 BCX0\">Catalogo Recubrimientos Polim\u00e9ricos (PDF) <\/span><\/span><span class=\"EOP SCXP51005135 BCX0\">\u200b<\/span><\/strong><\/p>\n<\/div>\n<\/div><\/div><\/div><\/div><div id=\"pgc-856-2-2\"  class=\"panel-grid-cell panel-grid-cell-empty\" ><\/div><\/div><\/div>","protected":false},"excerpt":{"rendered":"<p>Debido al desarrollo continuo e innovador de nuestros sistemas de\u00a0recubrimiento sin solvente, ofrecemos una gama de productos\u00a0extremadamente vers\u00e1til. Adem\u00e1s, establecemos est\u00e1ndares con nuestros\u00a0eficaces sistemas internos de recubrimiento de\u00a0 tanques para productos\u00a0qu\u00edmicos agresivos. Los recubrimientos se pueden usar f\u00e1cilmente: se aplican\u00a0directamente por m\u00e9todos de pulverizaci\u00f3n sin aire sobre diferentes sustratos\u00a0como acero, acero inoxidable, aluminio, concreto, CFK y GFK.\u00a0\u200b \u200bTenemos soluciones de revestimiento innovadoras: un esfuerzo constante\u00a0hacia nuevos desarrollos de nuestros productos&hellip;<\/p>\n","protected":false},"author":2,"featured_media":0,"parent":0,"menu_order":0,"comment_status":"closed","ping_status":"closed","template":"","meta":{"footnotes":""},"class_list":["post-856","page","type-page","status-publish","hentry"],"_links":{"self":[{"href":"https:\/\/pskoiltech.com\/index.php?rest_route=\/wp\/v2\/pages\/856","targetHints":{"allow":["GET"]}}],"collection":[{"href":"https:\/\/pskoiltech.com\/index.php?rest_route=\/wp\/v2\/pages"}],"about":[{"href":"https:\/\/pskoiltech.com\/index.php?rest_route=\/wp\/v2\/types\/page"}],"author":[{"embeddable":true,"href":"https:\/\/pskoiltech.com\/index.php?rest_route=\/wp\/v2\/users\/2"}],"replies":[{"embeddable":true,"href":"https:\/\/pskoiltech.com\/index.php?rest_route=%2Fwp%2Fv2%2Fcomments&post=856"}],"version-history":[{"count":19,"href":"https:\/\/pskoiltech.com\/index.php?rest_route=\/wp\/v2\/pages\/856\/revisions"}],"predecessor-version":[{"id":1186,"href":"https:\/\/pskoiltech.com\/index.php?rest_route=\/wp\/v2\/pages\/856\/revisions\/1186"}],"wp:attachment":[{"href":"https:\/\/pskoiltech.com\/index.php?rest_route=%2Fwp%2Fv2%2Fmedia&parent=856"}],"curies":[{"name":"wp","href":"https:\/\/api.w.org\/{rel}","templated":true}]}}