{"id":929,"date":"2020-08-04T08:51:57","date_gmt":"2020-08-04T08:51:57","guid":{"rendered":"https:\/\/pskoiltech.com\/?page_id=929"},"modified":"2025-03-02T09:22:56","modified_gmt":"2025-03-02T09:22:56","slug":"productos-copy-2","status":"publish","type":"page","link":"https:\/\/pskoiltech.com\/?page_id=929","title":{"rendered":"PRODUCTOS OILTECHPIPE"},"content":{"rendered":"<div id=\"pl-929\"  class=\"panel-layout\" ><div id=\"pg-929-0\"  class=\"panel-grid panel-no-style\" ><div id=\"pgc-929-0-0\"  class=\"panel-grid-cell\" ><div id=\"panel-929-0-0-0\" class=\"so-panel widget widget_text panel-first-child\" data-index=\"0\" >\t\t\t<div class=\"textwidget\"><p><img loading=\"lazy\" decoding=\"async\" class=\"alignnone wp-image-1523\" src=\"https:\/\/pskoiltech.com\/wp-content\/uploads\/2022\/10\/OILTECHPIPE_LOGO-300x91.png\" alt=\"\" width=\"200\" height=\"61\" srcset=\"https:\/\/pskoiltech.com\/wp-content\/uploads\/2022\/10\/OILTECHPIPE_LOGO-300x91.png 300w, https:\/\/pskoiltech.com\/wp-content\/uploads\/2022\/10\/OILTECHPIPE_LOGO-1024x309.png 1024w, https:\/\/pskoiltech.com\/wp-content\/uploads\/2022\/10\/OILTECHPIPE_LOGO-768x232.png 768w, https:\/\/pskoiltech.com\/wp-content\/uploads\/2022\/10\/OILTECHPIPE_LOGO.png 1074w\" sizes=\"auto, (max-width: 200px) 100vw, 200px\" \/><\/p>\n<p>&nbsp;<\/p>\n<p><strong>Oiltechpipe<\/strong> ofrece diversos productos y tecnolog\u00edas de vanguardia para satisfacer necesidades en la industria oil &amp; gas:<\/p>\n<p><strong>\u2713<\/strong> Tuber\u00eda termopl\u00e1stica de alta presi\u00f3n<\/p>\n<p><strong>\u2713<\/strong> Tuber\u00eda compuesta reforzada<\/p>\n<p><strong>\u2713<\/strong> Umbilicales<\/p>\n<p><strong>\u2713<\/strong> Remolques y carretes<\/p>\n<\/div>\n\t\t<\/div><div id=\"panel-929-0-0-1\" class=\"so-panel widget widget_sow-button\" data-index=\"1\" ><div\n\t\t\t\n\t\t\tclass=\"so-widget-sow-button so-widget-sow-button-flat-fb2593c5f006-929\"\n\t\t\t\n\t\t><div class=\"ow-button-base ow-button-align-left\"\n>\n\t\t\t<a\n\t\t\t\t\thref=\"https:\/\/pskoiltech.com\/wp-content\/uploads\/2025\/03\/PSK-OILTECH-CA-OILTECHPIPE-Catalogo-Comercial-V20250303.pdf\"\n\t\t\t\t\tclass=\"sowb-button ow-icon-placement-left ow-button-hover\" target=\"_blank\" rel=\"noopener noreferrer\" \t>\n\t\t<span>\n\t\t\t\n\t\t\tCatalogo Oiltechpipe\t\t<\/span>\n\t\t\t<\/a>\n\t<\/div>\n<\/div><\/div><div id=\"panel-929-0-0-2\" class=\"so-panel widget widget_sow-button\" data-index=\"2\" ><div\n\t\t\t\n\t\t\tclass=\"so-widget-sow-button so-widget-sow-button-flat-581c316843f1-929\"\n\t\t\t\n\t\t><div class=\"ow-button-base ow-button-align-left\"\n>\n\t\t\t<a\n\t\t\t\t\thref=\"https:\/\/pskoiltech.com\/wp-content\/uploads\/2024\/02\/Catalogue-Umbilicals-PSK-INSTALACIONES-OILTECH-CA-OILTECHPIPE-V202401251-SPANISH.pdf\"\n\t\t\t\t\tclass=\"sowb-button ow-icon-placement-left ow-button-hover\" target=\"_blank\" rel=\"noopener noreferrer\" \t>\n\t\t<span>\n\t\t\t\n\t\t\tCatalogo Umbilicales\t\t<\/span>\n\t\t\t<\/a>\n\t<\/div>\n<\/div><\/div><div id=\"panel-929-0-0-3\" class=\"so-panel widget widget_sow-button panel-last-child\" data-index=\"3\" ><div\n\t\t\t\n\t\t\tclass=\"so-widget-sow-button so-widget-sow-button-flat-581c316843f1-929\"\n\t\t\t\n\t\t><div class=\"ow-button-base ow-button-align-left\"\n>\n\t\t\t<a\n\t\t\t\t\thref=\"https:\/\/oiltechpipe.com\"\n\t\t\t\t\tclass=\"sowb-button ow-icon-placement-left ow-button-hover\" target=\"_blank\" rel=\"noopener noreferrer\" \t>\n\t\t<span>\n\t\t\t\n\t\t\tIr a pagina web\t\t<\/span>\n\t\t\t<\/a>\n\t<\/div>\n<\/div><\/div><\/div><div id=\"pgc-929-0-1\"  class=\"panel-grid-cell\" ><div id=\"panel-929-0-1-0\" class=\"so-panel widget widget_media_image panel-first-child panel-last-child\" data-index=\"4\" ><img loading=\"lazy\" decoding=\"async\" width=\"700\" height=\"988\" src=\"https:\/\/pskoiltech.com\/wp-content\/uploads\/2024\/02\/oiltechpipe-picture-final.png\" class=\"image wp-image-1796  attachment-full size-full\" alt=\"\" style=\"max-width: 100%; height: auto;\" srcset=\"https:\/\/pskoiltech.com\/wp-content\/uploads\/2024\/02\/oiltechpipe-picture-final.png 700w, https:\/\/pskoiltech.com\/wp-content\/uploads\/2024\/02\/oiltechpipe-picture-final-213x300.png 213w\" sizes=\"auto, (max-width: 700px) 100vw, 700px\" \/><\/div><\/div><\/div><\/div>","protected":false},"excerpt":{"rendered":"<p>&nbsp; Oiltechpipe ofrece diversos productos y tecnolog\u00edas de vanguardia para satisfacer necesidades en la industria oil &amp; gas: \u2713 Tuber\u00eda termopl\u00e1stica de alta presi\u00f3n \u2713 Tuber\u00eda compuesta reforzada \u2713 Umbilicales \u2713 Remolques y carretes<\/p>\n","protected":false},"author":2,"featured_media":0,"parent":0,"menu_order":0,"comment_status":"closed","ping_status":"closed","template":"","meta":{"footnotes":""},"class_list":["post-929","page","type-page","status-publish","hentry"],"_links":{"self":[{"href":"https:\/\/pskoiltech.com\/index.php?rest_route=\/wp\/v2\/pages\/929","targetHints":{"allow":["GET"]}}],"collection":[{"href":"https:\/\/pskoiltech.com\/index.php?rest_route=\/wp\/v2\/pages"}],"about":[{"href":"https:\/\/pskoiltech.com\/index.php?rest_route=\/wp\/v2\/types\/page"}],"author":[{"embeddable":true,"href":"https:\/\/pskoiltech.com\/index.php?rest_route=\/wp\/v2\/users\/2"}],"replies":[{"embeddable":true,"href":"https:\/\/pskoiltech.com\/index.php?rest_route=%2Fwp%2Fv2%2Fcomments&post=929"}],"version-history":[{"count":83,"href":"https:\/\/pskoiltech.com\/index.php?rest_route=\/wp\/v2\/pages\/929\/revisions"}],"predecessor-version":[{"id":1416,"href":"https:\/\/pskoiltech.com\/index.php?rest_route=\/wp\/v2\/pages\/929\/revisions\/1416"}],"wp:attachment":[{"href":"https:\/\/pskoiltech.com\/index.php?rest_route=%2Fwp%2Fv2%2Fmedia&parent=929"}],"curies":[{"name":"wp","href":"https:\/\/api.w.org\/{rel}","templated":true}]}}